{"id":11,"date":"2022-03-18T10:18:19","date_gmt":"2022-03-18T10:18:19","guid":{"rendered":"https:\/\/laffiche.artecom.studio\/?page_id=11"},"modified":"2022-03-31T12:19:21","modified_gmt":"2022-03-31T12:19:21","slug":"projections","status":"publish","type":"page","link":"https:\/\/laffiche.artecom.studio\/?page_id=11","title":{"rendered":"Longs-m\u00e9trages"},"content":{"rendered":"\n<p class=\"has-text-align-center\">A l&rsquo;affiche de notre \u00e9v\u00e9nement, deux longs-m\u00e9trages qui ont fait parler d&rsquo;eux: <em>Papicha<\/em> et <em>Bliss<\/em> ont \u00e9t\u00e9 s\u00e9lectionn\u00e9s pour vous faire voyager !<\/p>\n\n\n\n<div style=\"height:50px\" aria-hidden=\"true\" class=\"wp-block-spacer\"><\/div>\n\n\n\n<div class=\"wp-block-cover alignfull\"><span aria-hidden=\"true\" class=\"wp-block-cover__gradient-background has-background-dim\"><\/span><img loading=\"lazy\" decoding=\"async\" width=\"1281\" height=\"534\" class=\"wp-block-cover__image-background wp-image-88\" alt=\"\" src=\"https:\/\/laffiche.artecom.studio\/wp-content\/uploads\/2022\/03\/papicha2.png\" data-object-fit=\"cover\" srcset=\"https:\/\/laffiche.artecom.studio\/wp-content\/uploads\/2022\/03\/papicha2.png 1281w, https:\/\/laffiche.artecom.studio\/wp-content\/uploads\/2022\/03\/papicha2-300x125.png 300w, https:\/\/laffiche.artecom.studio\/wp-content\/uploads\/2022\/03\/papicha2-1024x427.png 1024w, https:\/\/laffiche.artecom.studio\/wp-content\/uploads\/2022\/03\/papicha2-768x320.png 768w, https:\/\/laffiche.artecom.studio\/wp-content\/uploads\/2022\/03\/papicha2-24x10.png 24w, https:\/\/laffiche.artecom.studio\/wp-content\/uploads\/2022\/03\/papicha2-36x15.png 36w, https:\/\/laffiche.artecom.studio\/wp-content\/uploads\/2022\/03\/papicha2-48x20.png 48w\" sizes=\"auto, (max-width: 1281px) 100vw, 1281px\" \/><div class=\"wp-block-cover__inner-container is-layout-flow wp-block-cover-is-layout-flow\">\n<p class=\"has-text-align-center has-large-font-size\">Papicha<\/p>\n<\/div><\/div>\n\n\n\n<figure class=\"wp-block-pullquote\"><blockquote><p>\u201cBrillamment mis en sc\u00e8ne et encha\u00eenant les s\u00e9quences fortes, le film est \u00e0 la fois bouleversant et indispensable, servi par deux r\u00e9v\u00e9lations, les jeunes Lyna Khoudri et Shirine Boutella, impressionnantes\u201d<\/p><cite>L\u2019Express<\/cite><\/blockquote><\/figure>\n\n\n\n<div class=\"wp-block-media-text alignwide is-stacked-on-mobile\"><figure class=\"wp-block-media-text__media\"><img loading=\"lazy\" decoding=\"async\" width=\"1024\" height=\"512\" src=\"https:\/\/laffiche.artecom.studio\/wp-content\/uploads\/2022\/03\/papicha4-1024x512.jpg\" alt=\"\" class=\"wp-image-90 size-full\" srcset=\"https:\/\/laffiche.artecom.studio\/wp-content\/uploads\/2022\/03\/papicha4-1024x512.jpg 1024w, https:\/\/laffiche.artecom.studio\/wp-content\/uploads\/2022\/03\/papicha4-300x150.jpg 300w, https:\/\/laffiche.artecom.studio\/wp-content\/uploads\/2022\/03\/papicha4-768x384.jpg 768w, https:\/\/laffiche.artecom.studio\/wp-content\/uploads\/2022\/03\/papicha4-24x12.jpg 24w, https:\/\/laffiche.artecom.studio\/wp-content\/uploads\/2022\/03\/papicha4-36x18.jpg 36w, https:\/\/laffiche.artecom.studio\/wp-content\/uploads\/2022\/03\/papicha4-48x24.jpg 48w, https:\/\/laffiche.artecom.studio\/wp-content\/uploads\/2022\/03\/papicha4.jpg 1440w\" sizes=\"auto, (max-width: 1024px) 100vw, 1024px\" \/><\/figure><div class=\"wp-block-media-text__content\">\n<h2 class=\"wp-block-heading\">Papicha<\/h2>\n\n\n\n<p><em><strong>Mounia Meddour, Alg\u00e9rie, 2019, 1h45<\/strong><\/em><\/p>\n\n\n\n<p>En ouverture, <em>Papicha<\/em>. R\u00e9aliste et impactant, le film prend place dans l\u2019Alg\u00e9rie des ann\u00e9es 90. Inspir\u00e9e par l\u2019exp\u00e9rience de la r\u00e9alisatrice, nous retournons de mani\u00e8re impactante et r\u00e9aliste sur la <em>d\u00e9cennie noire<\/em> et comment elle a \u00e9t\u00e9 v\u00e9cue par les alg\u00e9rien.nes.<\/p>\n<\/div><\/div>\n\n\n\n<p>Malgr\u00e9 un contexte d\u2019ins\u00e9curit\u00e9 quotidien, de violence brutale et inattendue, Nedjma, une jeune \u00e9tudiante de la Cit\u00e9 U d\u2019Alger qui aime profond\u00e9ment son pays r\u00eave de devenir styliste et c\u2019est \u00e0 travers la mode qu\u2019elle trouve un moyen d\u2019\u00e9chapper \u00e0 ce climat oppressant et mortif\u00e8re. Soutenue par ses amies, elle r\u00eave d\u2019ailleurs d\u2019organiser un d\u00e9fil\u00e9 o\u00f9 ne serait utilis\u00e9 que le ha\u00efk traditionnel :<\/p>\n\n\n\n<figure class=\"wp-block-pullquote\"><blockquote><p><em>\u201cIl y avait aussi cette envie de montrer la symbolique forte \u00e0 travers le ha\u00efk, ce voile qui se trouve dans toutes les armoires des Alg\u00e9riennes. C\u2019est un tissu qu\u2019elles recyclent et qui marque, pour moi, le passage de la tradition \u00e0 la modernit\u00e9, qui permet d\u2019embellir le corps des femmes \u00e0 une \u00e9poque o\u00f9 l\u2019on voulait le couvrir.\u201d<\/em><\/p><cite><em>Mounia Meddour<\/em><\/cite><\/blockquote><\/figure>\n\n\n\n<div class=\"wp-block-columns alignwide is-layout-flex wp-container-core-columns-is-layout-9d6595d7 wp-block-columns-is-layout-flex\">\n<div class=\"wp-block-column is-layout-flow wp-block-column-is-layout-flow\">\n<p class=\"has-text-align-center\"><em>Papicha <\/em>d\u00e9peint bien le quotidien de cette p\u00e9riode sombre, mais cette lourde atmosph\u00e8re n\u2019est pas la seule \u00e0 r\u00e9gner. Mounia Meddour capture et repr\u00e9sente \u00e0 merveille la fureur de vivre et l\u2019espoir de la jeunesse alg\u00e9rienne \u00e0 travers la complicit\u00e9, la solidarit\u00e9 et la r\u00e9sistance de ces jeunes femmes.<\/p>\n<\/div>\n\n\n\n<div class=\"wp-block-column is-layout-flow wp-block-column-is-layout-flow\" style=\"flex-basis:66.66%\">\n<figure class=\"wp-block-gallery has-nested-images columns-default is-cropped wp-block-gallery-1 is-layout-flex wp-block-gallery-is-layout-flex\">\n<figure class=\"wp-block-image size-large\"><img loading=\"lazy\" decoding=\"async\" width=\"800\" height=\"335\" data-id=\"94\" src=\"https:\/\/laffiche.artecom.studio\/wp-content\/uploads\/2022\/03\/papicha8.png\" alt=\"\" class=\"wp-image-94\" srcset=\"https:\/\/laffiche.artecom.studio\/wp-content\/uploads\/2022\/03\/papicha8.png 800w, https:\/\/laffiche.artecom.studio\/wp-content\/uploads\/2022\/03\/papicha8-300x126.png 300w, https:\/\/laffiche.artecom.studio\/wp-content\/uploads\/2022\/03\/papicha8-768x322.png 768w, https:\/\/laffiche.artecom.studio\/wp-content\/uploads\/2022\/03\/papicha8-24x10.png 24w, https:\/\/laffiche.artecom.studio\/wp-content\/uploads\/2022\/03\/papicha8-36x15.png 36w, https:\/\/laffiche.artecom.studio\/wp-content\/uploads\/2022\/03\/papicha8-48x20.png 48w\" sizes=\"auto, (max-width: 800px) 100vw, 800px\" \/><\/figure>\n\n\n\n<figure class=\"wp-block-image size-large\"><img loading=\"lazy\" decoding=\"async\" width=\"770\" height=\"431\" data-id=\"92\" src=\"https:\/\/laffiche.artecom.studio\/wp-content\/uploads\/2022\/03\/papicha7.png\" alt=\"\" class=\"wp-image-92\" srcset=\"https:\/\/laffiche.artecom.studio\/wp-content\/uploads\/2022\/03\/papicha7.png 770w, https:\/\/laffiche.artecom.studio\/wp-content\/uploads\/2022\/03\/papicha7-300x168.png 300w, https:\/\/laffiche.artecom.studio\/wp-content\/uploads\/2022\/03\/papicha7-768x430.png 768w, https:\/\/laffiche.artecom.studio\/wp-content\/uploads\/2022\/03\/papicha7-24x13.png 24w, https:\/\/laffiche.artecom.studio\/wp-content\/uploads\/2022\/03\/papicha7-36x20.png 36w, https:\/\/laffiche.artecom.studio\/wp-content\/uploads\/2022\/03\/papicha7-48x27.png 48w\" sizes=\"auto, (max-width: 770px) 100vw, 770px\" \/><\/figure>\n\n\n\n<figure class=\"wp-block-image size-large\"><img loading=\"lazy\" decoding=\"async\" width=\"932\" height=\"582\" data-id=\"91\" src=\"https:\/\/laffiche.artecom.studio\/wp-content\/uploads\/2022\/03\/papicha5.jpg\" alt=\"\" class=\"wp-image-91\" srcset=\"https:\/\/laffiche.artecom.studio\/wp-content\/uploads\/2022\/03\/papicha5.jpg 932w, https:\/\/laffiche.artecom.studio\/wp-content\/uploads\/2022\/03\/papicha5-300x187.jpg 300w, https:\/\/laffiche.artecom.studio\/wp-content\/uploads\/2022\/03\/papicha5-768x480.jpg 768w, https:\/\/laffiche.artecom.studio\/wp-content\/uploads\/2022\/03\/papicha5-24x15.jpg 24w, https:\/\/laffiche.artecom.studio\/wp-content\/uploads\/2022\/03\/papicha5-36x22.jpg 36w, https:\/\/laffiche.artecom.studio\/wp-content\/uploads\/2022\/03\/papicha5-48x30.jpg 48w\" sizes=\"auto, (max-width: 932px) 100vw, 932px\" \/><\/figure>\n\n\n\n<figure class=\"wp-block-image size-full\"><img loading=\"lazy\" decoding=\"async\" width=\"676\" height=\"337\" data-id=\"259\" src=\"https:\/\/laffiche.artecom.studio\/wp-content\/uploads\/2022\/03\/papicha-1.jpg\" alt=\"\" class=\"wp-image-259\" srcset=\"https:\/\/laffiche.artecom.studio\/wp-content\/uploads\/2022\/03\/papicha-1.jpg 676w, https:\/\/laffiche.artecom.studio\/wp-content\/uploads\/2022\/03\/papicha-1-300x150.jpg 300w, https:\/\/laffiche.artecom.studio\/wp-content\/uploads\/2022\/03\/papicha-1-24x12.jpg 24w, https:\/\/laffiche.artecom.studio\/wp-content\/uploads\/2022\/03\/papicha-1-36x18.jpg 36w, https:\/\/laffiche.artecom.studio\/wp-content\/uploads\/2022\/03\/papicha-1-48x24.jpg 48w\" sizes=\"auto, (max-width: 676px) 100vw, 676px\" \/><\/figure>\n\n\n\n<figure class=\"wp-block-image size-large\"><img loading=\"lazy\" decoding=\"async\" width=\"1200\" height=\"630\" data-id=\"87\" src=\"https:\/\/laffiche.artecom.studio\/wp-content\/uploads\/2022\/03\/papich6.jpg\" alt=\"\" class=\"wp-image-87\" srcset=\"https:\/\/laffiche.artecom.studio\/wp-content\/uploads\/2022\/03\/papich6.jpg 1200w, https:\/\/laffiche.artecom.studio\/wp-content\/uploads\/2022\/03\/papich6-300x158.jpg 300w, https:\/\/laffiche.artecom.studio\/wp-content\/uploads\/2022\/03\/papich6-1024x538.jpg 1024w, https:\/\/laffiche.artecom.studio\/wp-content\/uploads\/2022\/03\/papich6-768x403.jpg 768w, https:\/\/laffiche.artecom.studio\/wp-content\/uploads\/2022\/03\/papich6-24x13.jpg 24w, https:\/\/laffiche.artecom.studio\/wp-content\/uploads\/2022\/03\/papich6-36x19.jpg 36w, https:\/\/laffiche.artecom.studio\/wp-content\/uploads\/2022\/03\/papich6-48x25.jpg 48w\" sizes=\"auto, (max-width: 1200px) 100vw, 1200px\" \/><\/figure>\n\n\n\n<figure class=\"wp-block-image size-large\"><img loading=\"lazy\" decoding=\"async\" width=\"1023\" height=\"426\" data-id=\"89\" src=\"https:\/\/laffiche.artecom.studio\/wp-content\/uploads\/2022\/03\/papicha3.jpg\" alt=\"\" class=\"wp-image-89\" srcset=\"https:\/\/laffiche.artecom.studio\/wp-content\/uploads\/2022\/03\/papicha3.jpg 1023w, https:\/\/laffiche.artecom.studio\/wp-content\/uploads\/2022\/03\/papicha3-300x125.jpg 300w, https:\/\/laffiche.artecom.studio\/wp-content\/uploads\/2022\/03\/papicha3-768x320.jpg 768w, https:\/\/laffiche.artecom.studio\/wp-content\/uploads\/2022\/03\/papicha3-24x10.jpg 24w, https:\/\/laffiche.artecom.studio\/wp-content\/uploads\/2022\/03\/papicha3-36x15.jpg 36w, https:\/\/laffiche.artecom.studio\/wp-content\/uploads\/2022\/03\/papicha3-48x20.jpg 48w\" sizes=\"auto, (max-width: 1023px) 100vw, 1023px\" \/><\/figure>\n<\/figure>\n<\/div>\n<\/div>\n\n\n\n<p class=\"has-text-align-center\">Galvanis\u00e9 par la critique et r\u00e9compens\u00e9 par le prix du meilleur espoir f\u00e9minin pour Lyna Khoudri et du meilleur premier film au festival de cannes, ainsi que\u00a0 le prix du meilleur film arabe au festival \u00e9gyptien d\u2019El Gouna.<\/p>\n\n\n\n<figure class=\"wp-block-embed is-type-video is-provider-youtube wp-block-embed-youtube wp-embed-aspect-16-9 wp-has-aspect-ratio\"><div class=\"wp-block-embed__wrapper\">\n<iframe loading=\"lazy\" title=\"PAPICHA Bande Annonce (Film Adolescent, 2019)\" width=\"920\" height=\"518\" src=\"https:\/\/www.youtube.com\/embed\/oRmiR64_sZs?feature=oembed\" frameborder=\"0\" allow=\"accelerometer; autoplay; clipboard-write; encrypted-media; gyroscope; picture-in-picture\" allowfullscreen><\/iframe>\n<\/div><\/figure>\n\n\n\n<div style=\"height:50px\" aria-hidden=\"true\" class=\"wp-block-spacer\"><\/div>\n\n\n\n<figure class=\"wp-block-pullquote\"><blockquote><p>\u201c<em>Papicha <\/em>est un cri du c\u0153ur, une fureur de vivre qui \u00e9clate \u00e0 l\u2019\u00e9cran et qui submerge, qui emporte autant que la rage lumineuse de Lyna Khoudri. Mounia Meddour livre un r\u00e9cit intime o\u00f9 r\u00e9sonne l\u2019universel, faisant de son film une illustration forte et puissante du combat des alg\u00e9riennes. Un portrait o\u00f9 brille le courage des femmes, que \u00e7a soit au quotidien ou par l\u2019acte cr\u00e9atif.\u201d<\/p><cite>Le Bleu du Miroir<\/cite><\/blockquote><\/figure>\n\n\n\n<hr class=\"wp-block-separator has-text-color has-background has-blue-background-color has-blue-color is-style-wide\"\/>\n\n\n\n<div style=\"height:100px\" aria-hidden=\"true\" class=\"wp-block-spacer\"><\/div>\n\n\n\n<div class=\"wp-block-cover alignfull\"><span aria-hidden=\"true\" class=\"wp-block-cover__gradient-background has-background-dim\"><\/span><img loading=\"lazy\" decoding=\"async\" width=\"1200\" height=\"675\" class=\"wp-block-cover__image-background wp-image-80\" alt=\"\" src=\"https:\/\/laffiche.artecom.studio\/wp-content\/uploads\/2022\/03\/bliss-barrymore.jpeg\" data-object-fit=\"cover\" srcset=\"https:\/\/laffiche.artecom.studio\/wp-content\/uploads\/2022\/03\/bliss-barrymore.jpeg 1200w, https:\/\/laffiche.artecom.studio\/wp-content\/uploads\/2022\/03\/bliss-barrymore-300x169.jpeg 300w, https:\/\/laffiche.artecom.studio\/wp-content\/uploads\/2022\/03\/bliss-barrymore-1024x576.jpeg 1024w, https:\/\/laffiche.artecom.studio\/wp-content\/uploads\/2022\/03\/bliss-barrymore-768x432.jpeg 768w\" sizes=\"auto, (max-width: 1200px) 100vw, 1200px\" \/><div class=\"wp-block-cover__inner-container is-layout-flow wp-block-cover-is-layout-flow\">\n<p class=\"has-text-align-center has-large-font-size\">Bliss<\/p>\n<\/div><\/div>\n\n\n\n<h2 class=\"wp-block-heading\">Bliss<\/h2>\n\n\n\n<p><strong><em>Drew Barrymore, Etats-Unis, 2010, 1h51<\/em><\/strong><\/p>\n\n\n\n<p>Comment s\u2019int\u00e9resser \u00e0 la jeunesse au cin\u00e9ma sans diffuser un film adolescent, qui divertit et apporte l\u00e9g\u00e8ret\u00e9 et d\u00e9couverte, pour l\u2019ultime projection de cet \u00e9v\u00e9nement&nbsp;? Une paire de roller, une jeune femme pleine d\u2019ambition, une relation m\u00e8re-fille, une histoire d\u2019amour, voil\u00e0 la \u201crecette miracle\u201d que nous offre Drew Barrymore pour son premier long m\u00e9trage, intitul\u00e9 <em>Bliss<\/em>. Dans ce film, nous suivons les aventures de Bliss Cavendar, jeune fille de 17 ans souhaitant \u00e9chapper \u00e0 sa petite ville perdue du Texas et aux concours de beaut\u00e9, qui repr\u00e9sentent selon sa m\u00e8re son unique chance de r\u00e9ussite. Par hasard, tandis qu&rsquo;elle se rend en cachette \u00e0 Austin avec Pash, sa meilleure amie, Bliss d\u00e9couvre l\u2019univers du roller derby. C\u2019est alors que sa vie bascule. Elle troque vite les robes et les diad\u00e8mes contre des rollers. Gr\u00e2ce \u00e0 ses pr\u00e9dispositions \u00e9tonnantes, la jeune fille est accept\u00e9e dans l\u2019\u00e9quipe des \u201cHurl Scouts\u201d, associant girl power et punk-rock. La journ\u00e9e<strong>,<\/strong> Bliss est serveuse, et la nuit, elle se transforme en la redoutable Barbie Destroy. Faisant fi des obstacles qu\u2019elle rencontre, elle prend sa vie en main, jusqu\u2019\u00e0 emmener son \u00e9quipe en finale.<\/p>\n\n\n\n<p>Interpr\u00e9t\u00e9 notamment par le sublime Elliot Page, ce film nous ouvre de nouveaux horizons sur un sport peu r\u00e9pandu: le roller derby. <em>Bliss <\/em>nous offre \u00e9galement un regard frais et enjou\u00e9 sur la jeunesse au cin\u00e9ma.&nbsp;<\/p>\n\n\n\n<figure class=\"wp-block-pullquote has-small-font-size\"><blockquote><p>&nbsp;\u00ab&nbsp;Bliss<em> est bien davantage qu&rsquo;un film de filles : un film de squaws. Les Hurls Scout accueillent Bliss dans leur tribu et lui l\u00e8guent l&rsquo;\u00e9nergie d\u00e9braill\u00e9e du punk rock f\u00e9ministe des ann\u00e9es 90&nbsp;\u00bb<\/em><\/p><cite><em>Cahiers du cin\u00e9ma<\/em><\/cite><\/blockquote><\/figure>\n\n\n\n<figure class=\"wp-block-embed is-type-video is-provider-youtube wp-block-embed-youtube wp-embed-aspect-16-9 wp-has-aspect-ratio\"><div class=\"wp-block-embed__wrapper\">\n<iframe loading=\"lazy\" title=\"BLISS bande annonce VOST\" width=\"920\" height=\"518\" src=\"https:\/\/www.youtube.com\/embed\/SNTxOcU01sI?feature=oembed\" frameborder=\"0\" allow=\"accelerometer; autoplay; clipboard-write; encrypted-media; gyroscope; picture-in-picture\" allowfullscreen><\/iframe>\n<\/div><\/figure>\n\n\n\n<figure class=\"wp-block-pullquote has-small-font-size\"><blockquote><p><em>\u00ab&nbsp;Vraiment charmant (&#8230;) c&rsquo;est par les seconds r\u00f4les que Barrymore brille comme directrice d&rsquo;acteurs&nbsp;\u00bb <\/em><\/p><cite><a href=\"https:\/\/www.allocine.fr\/presse-11031\/critiques\/cinema\/\"><strong><em>Les Inrockuptibles<\/em><\/strong><\/a><\/cite><\/blockquote><\/figure>\n\n\n\n<figure class=\"wp-block-gallery alignwide has-nested-images columns-default is-cropped wp-block-gallery-2 is-layout-flex wp-block-gallery-is-layout-flex\">\n<figure class=\"wp-block-image size-large\"><img loading=\"lazy\" decoding=\"async\" width=\"1600\" height=\"1063\" data-id=\"239\" src=\"https:\/\/laffiche.artecom.studio\/wp-content\/uploads\/2022\/03\/bliss.jpg\" alt=\"\" class=\"wp-image-239\" srcset=\"https:\/\/laffiche.artecom.studio\/wp-content\/uploads\/2022\/03\/bliss.jpg 1600w, https:\/\/laffiche.artecom.studio\/wp-content\/uploads\/2022\/03\/bliss-300x199.jpg 300w, https:\/\/laffiche.artecom.studio\/wp-content\/uploads\/2022\/03\/bliss-1024x680.jpg 1024w, https:\/\/laffiche.artecom.studio\/wp-content\/uploads\/2022\/03\/bliss-768x510.jpg 768w, https:\/\/laffiche.artecom.studio\/wp-content\/uploads\/2022\/03\/bliss-1536x1020.jpg 1536w, https:\/\/laffiche.artecom.studio\/wp-content\/uploads\/2022\/03\/bliss-24x16.jpg 24w, https:\/\/laffiche.artecom.studio\/wp-content\/uploads\/2022\/03\/bliss-36x24.jpg 36w, https:\/\/laffiche.artecom.studio\/wp-content\/uploads\/2022\/03\/bliss-48x32.jpg 48w\" sizes=\"auto, (max-width: 1600px) 100vw, 1600px\" \/><\/figure>\n\n\n\n<figure class=\"wp-block-image size-large\"><img loading=\"lazy\" decoding=\"async\" width=\"1024\" height=\"680\" data-id=\"247\" src=\"https:\/\/laffiche.artecom.studio\/wp-content\/uploads\/2022\/03\/bliss5-1024x680.jpg\" alt=\"\" class=\"wp-image-247\" srcset=\"https:\/\/laffiche.artecom.studio\/wp-content\/uploads\/2022\/03\/bliss5-1024x680.jpg 1024w, https:\/\/laffiche.artecom.studio\/wp-content\/uploads\/2022\/03\/bliss5-300x199.jpg 300w, https:\/\/laffiche.artecom.studio\/wp-content\/uploads\/2022\/03\/bliss5-768x510.jpg 768w, https:\/\/laffiche.artecom.studio\/wp-content\/uploads\/2022\/03\/bliss5-1536x1020.jpg 1536w, https:\/\/laffiche.artecom.studio\/wp-content\/uploads\/2022\/03\/bliss5-24x16.jpg 24w, https:\/\/laffiche.artecom.studio\/wp-content\/uploads\/2022\/03\/bliss5-36x24.jpg 36w, https:\/\/laffiche.artecom.studio\/wp-content\/uploads\/2022\/03\/bliss5-48x32.jpg 48w, https:\/\/laffiche.artecom.studio\/wp-content\/uploads\/2022\/03\/bliss5.jpg 1600w\" sizes=\"auto, (max-width: 1024px) 100vw, 1024px\" \/><\/figure>\n\n\n\n<figure class=\"wp-block-image size-large\"><img loading=\"lazy\" decoding=\"async\" width=\"1024\" height=\"680\" data-id=\"240\" src=\"https:\/\/laffiche.artecom.studio\/wp-content\/uploads\/2022\/03\/bliss3.jpg\" alt=\"\" class=\"wp-image-240\" srcset=\"https:\/\/laffiche.artecom.studio\/wp-content\/uploads\/2022\/03\/bliss3.jpg 1024w, https:\/\/laffiche.artecom.studio\/wp-content\/uploads\/2022\/03\/bliss3-300x199.jpg 300w, https:\/\/laffiche.artecom.studio\/wp-content\/uploads\/2022\/03\/bliss3-768x510.jpg 768w, https:\/\/laffiche.artecom.studio\/wp-content\/uploads\/2022\/03\/bliss3-24x16.jpg 24w, https:\/\/laffiche.artecom.studio\/wp-content\/uploads\/2022\/03\/bliss3-36x24.jpg 36w, https:\/\/laffiche.artecom.studio\/wp-content\/uploads\/2022\/03\/bliss3-48x32.jpg 48w\" sizes=\"auto, (max-width: 1024px) 100vw, 1024px\" \/><\/figure>\n<\/figure>\n\n\n\n<p><\/p>\n","protected":false},"excerpt":{"rendered":"<p>A l&rsquo;affiche de notre \u00e9v\u00e9nement, deux longs-m\u00e9trages qui ont fait parler d&rsquo;eux: Papicha et Bliss ont \u00e9t\u00e9 s\u00e9lectionn\u00e9s pour vous faire voyager ! \u201cBrillamment mis en sc\u00e8ne et encha\u00eenant les<span class=\"more-button\"><a href=\"https:\/\/laffiche.artecom.studio\/?page_id=11\" class=\"more-link\">Lire la suite<span class=\"screen-reader-text\">Longs-m\u00e9trages<\/span><\/a><\/span><\/p>\n","protected":false},"author":1,"featured_media":0,"parent":0,"menu_order":0,"comment_status":"closed","ping_status":"closed","template":"templates\/no-sidebar.php","meta":{"footnotes":""},"class_list":["post-11","page","type-page","status-publish","hentry"],"_links":{"self":[{"href":"https:\/\/laffiche.artecom.studio\/index.php?rest_route=\/wp\/v2\/pages\/11","targetHints":{"allow":["GET"]}}],"collection":[{"href":"https:\/\/laffiche.artecom.studio\/index.php?rest_route=\/wp\/v2\/pages"}],"about":[{"href":"https:\/\/laffiche.artecom.studio\/index.php?rest_route=\/wp\/v2\/types\/page"}],"author":[{"embeddable":true,"href":"https:\/\/laffiche.artecom.studio\/index.php?rest_route=\/wp\/v2\/users\/1"}],"replies":[{"embeddable":true,"href":"https:\/\/laffiche.artecom.studio\/index.php?rest_route=%2Fwp%2Fv2%2Fcomments&post=11"}],"version-history":[{"count":45,"href":"https:\/\/laffiche.artecom.studio\/index.php?rest_route=\/wp\/v2\/pages\/11\/revisions"}],"predecessor-version":[{"id":425,"href":"https:\/\/laffiche.artecom.studio\/index.php?rest_route=\/wp\/v2\/pages\/11\/revisions\/425"}],"wp:attachment":[{"href":"https:\/\/laffiche.artecom.studio\/index.php?rest_route=%2Fwp%2Fv2%2Fmedia&parent=11"}],"curies":[{"name":"wp","href":"https:\/\/api.w.org\/{rel}","templated":true}]}}