{"id":13,"date":"2022-03-18T10:18:35","date_gmt":"2022-03-18T10:18:35","guid":{"rendered":"https:\/\/laffiche.artecom.studio\/?page_id=13"},"modified":"2022-04-04T14:16:43","modified_gmt":"2022-04-04T14:16:43","slug":"concours-courts-metrages","status":"publish","type":"page","link":"https:\/\/laffiche.artecom.studio\/?page_id=13","title":{"rendered":"Concours courts-m\u00e9trages"},"content":{"rendered":"\n<p class=\"has-text-align-left has-normal-font-size\">Dans le but de promouvoir et de soutenir les \u00e9tudiants en cin\u00e9ma de Toulouse, les \u00e9tudiants du Master 1 Culture et communication parcours communication audiovisuelle et m\u00e9dias de l&rsquo;universit\u00e9 de Toulouse Jean Jaur\u00e8s organise un concours courts-m\u00e9trages d&rsquo;\u00e9tudiant.e.s&nbsp;d\u2019\u00e9coles publiques de cin\u00e9ma de la r\u00e9gion (l\u2019ENSAV et l\u2019ISCID). <\/p>\n\n\n\n<p class=\"has-text-align-left has-normal-font-size\">Six courts-m\u00e9trages s\u00e9lectionn\u00e9s seront diffus\u00e9s lors de l\u2019\u00e9v\u00e9nement et 2 prix seront d\u00e9cern\u00e9s: un prix du public et un prix du jury.<\/p>\n\n\n\n<h2 class=\"wp-block-heading\">LES COURTS-M\u00c9TRAGES<\/h2>\n\n\n\n<div class=\"wp-block-media-text alignfull is-stacked-on-mobile\"><figure class=\"wp-block-media-text__media\"><img loading=\"lazy\" decoding=\"async\" width=\"1024\" height=\"551\" src=\"https:\/\/laffiche.artecom.studio\/wp-content\/uploads\/2022\/03\/Capture-de\u0301cran-2022-03-23-a\u0300-15.48.15-1024x551.png\" alt=\"\" class=\"wp-image-313 size-full\" srcset=\"https:\/\/laffiche.artecom.studio\/wp-content\/uploads\/2022\/03\/Capture-de\u0301cran-2022-03-23-a\u0300-15.48.15-1024x551.png 1024w, https:\/\/laffiche.artecom.studio\/wp-content\/uploads\/2022\/03\/Capture-de\u0301cran-2022-03-23-a\u0300-15.48.15-300x161.png 300w, https:\/\/laffiche.artecom.studio\/wp-content\/uploads\/2022\/03\/Capture-de\u0301cran-2022-03-23-a\u0300-15.48.15-768x413.png 768w, https:\/\/laffiche.artecom.studio\/wp-content\/uploads\/2022\/03\/Capture-de\u0301cran-2022-03-23-a\u0300-15.48.15-24x13.png 24w, https:\/\/laffiche.artecom.studio\/wp-content\/uploads\/2022\/03\/Capture-de\u0301cran-2022-03-23-a\u0300-15.48.15-36x19.png 36w, https:\/\/laffiche.artecom.studio\/wp-content\/uploads\/2022\/03\/Capture-de\u0301cran-2022-03-23-a\u0300-15.48.15-48x26.png 48w, https:\/\/laffiche.artecom.studio\/wp-content\/uploads\/2022\/03\/Capture-de\u0301cran-2022-03-23-a\u0300-15.48.15.png 1420w\" sizes=\"auto, (max-width: 1024px) 100vw, 1024px\" \/><\/figure><div class=\"wp-block-media-text__content\">\n<h2 class=\"wp-block-heading\">Trait Calme<\/h2>\n\n\n\n<p class=\"has-normal-font-size\">Gabrielle Mouret<\/p>\n\n\n\n<p class=\"has-small-font-size\">5min45<\/p>\n\n\n\n<p class=\"has-small-font-size\">Une personne se r\u00e9veille quelque part et se laisse emporter par sa routine de tous les jours.<\/p>\n<\/div><\/div>\n\n\n\n<div style=\"height:44px\" aria-hidden=\"true\" class=\"wp-block-spacer\"><\/div>\n\n\n\n<div class=\"wp-block-media-text alignfull has-media-on-the-right is-stacked-on-mobile\"><figure class=\"wp-block-media-text__media\"><img loading=\"lazy\" decoding=\"async\" width=\"1024\" height=\"572\" src=\"https:\/\/laffiche.artecom.studio\/wp-content\/uploads\/2022\/03\/Capture-de\u0301cran-2022-03-23-a\u0300-15.45.14-1024x572.png\" alt=\"\" class=\"wp-image-311 size-full\" srcset=\"https:\/\/laffiche.artecom.studio\/wp-content\/uploads\/2022\/03\/Capture-de\u0301cran-2022-03-23-a\u0300-15.45.14-1024x572.png 1024w, https:\/\/laffiche.artecom.studio\/wp-content\/uploads\/2022\/03\/Capture-de\u0301cran-2022-03-23-a\u0300-15.45.14-300x168.png 300w, https:\/\/laffiche.artecom.studio\/wp-content\/uploads\/2022\/03\/Capture-de\u0301cran-2022-03-23-a\u0300-15.45.14-768x429.png 768w, https:\/\/laffiche.artecom.studio\/wp-content\/uploads\/2022\/03\/Capture-de\u0301cran-2022-03-23-a\u0300-15.45.14-24x13.png 24w, https:\/\/laffiche.artecom.studio\/wp-content\/uploads\/2022\/03\/Capture-de\u0301cran-2022-03-23-a\u0300-15.45.14-36x20.png 36w, https:\/\/laffiche.artecom.studio\/wp-content\/uploads\/2022\/03\/Capture-de\u0301cran-2022-03-23-a\u0300-15.45.14-48x27.png 48w, https:\/\/laffiche.artecom.studio\/wp-content\/uploads\/2022\/03\/Capture-de\u0301cran-2022-03-23-a\u0300-15.45.14.png 1432w\" sizes=\"auto, (max-width: 1024px) 100vw, 1024px\" \/><\/figure><div class=\"wp-block-media-text__content\">\n<h2 class=\"wp-block-heading\">Chacha<\/h2>\n\n\n\n<p class=\"has-normal-font-size\">Sandra Abrass<\/p>\n\n\n\n<p class=\"has-small-font-size\">14min35<\/p>\n\n\n\n<p class=\"has-text-align-left has-small-font-size\">Dans une vieille maison quelque part \u00e0 Toulouse, Chacha, sage-femme charismatique et bien connue ici, est interview\u00e9e par une documentariste. L\u2019interview est interrompue par plusieurs coups de fil. Chacha doit f\u00eater son anniversaire avec ses enfants et ses amis, le soir m\u00eame. La documentariste interrompt l\u2019entretien pour laisser Chacha pr\u00e9parer son d\u00eener de f\u00eate pour lequel elle a convi\u00e9 des amis. Apr\u00e8s avoir fini les pr\u00e9paratifs, Chacha attend ses amis, assise \u00e0 une grande table couverte de bons plats. Elle attend, d\u00e9sesp\u00e9r\u00e9ment seule. En fin de compte, elle se d\u00e9cide \u00e0 mettre de la musique et mange son d\u00e9licieux g\u00e2teau d\u2019anniversaire, comme si de rien n\u2019\u00e9tait.<\/p>\n<\/div><\/div>\n\n\n\n<div style=\"height:44px\" aria-hidden=\"true\" class=\"wp-block-spacer\"><\/div>\n\n\n\n<div class=\"wp-block-media-text alignfull is-stacked-on-mobile\"><figure class=\"wp-block-media-text__media\"><img loading=\"lazy\" decoding=\"async\" width=\"1024\" height=\"593\" src=\"https:\/\/laffiche.artecom.studio\/wp-content\/uploads\/2022\/03\/Capture-de\u0301cran-2022-03-23-a\u0300-15.35.01-1024x593.png\" alt=\"\" class=\"wp-image-310 size-full\" srcset=\"https:\/\/laffiche.artecom.studio\/wp-content\/uploads\/2022\/03\/Capture-de\u0301cran-2022-03-23-a\u0300-15.35.01-1024x593.png 1024w, https:\/\/laffiche.artecom.studio\/wp-content\/uploads\/2022\/03\/Capture-de\u0301cran-2022-03-23-a\u0300-15.35.01-300x174.png 300w, https:\/\/laffiche.artecom.studio\/wp-content\/uploads\/2022\/03\/Capture-de\u0301cran-2022-03-23-a\u0300-15.35.01-768x445.png 768w, https:\/\/laffiche.artecom.studio\/wp-content\/uploads\/2022\/03\/Capture-de\u0301cran-2022-03-23-a\u0300-15.35.01-24x14.png 24w, https:\/\/laffiche.artecom.studio\/wp-content\/uploads\/2022\/03\/Capture-de\u0301cran-2022-03-23-a\u0300-15.35.01-36x21.png 36w, https:\/\/laffiche.artecom.studio\/wp-content\/uploads\/2022\/03\/Capture-de\u0301cran-2022-03-23-a\u0300-15.35.01-48x28.png 48w, https:\/\/laffiche.artecom.studio\/wp-content\/uploads\/2022\/03\/Capture-de\u0301cran-2022-03-23-a\u0300-15.35.01.png 1428w\" sizes=\"auto, (max-width: 1024px) 100vw, 1024px\" \/><\/figure><div class=\"wp-block-media-text__content\">\n<h2 class=\"wp-block-heading\">The Band<\/h2>\n\n\n\n<p class=\"has-normal-font-size\">Tristan Rou\u00e9<\/p>\n\n\n\n<p class=\"has-small-font-size\">9min24<\/p>\n\n\n\n<p class=\"has-small-font-size\">Nick, Deb, Chris et Luke, quatre amis en colocation \u00e0 Ville-sur-Mer, d\u00e9cident un jour de participer \u00e0 un concours musical afin de payer le loyer. En cr\u00e9ant un groupe de punk vulgaire, ils vont devenir malgr\u00e9 eux la cible de l\u2019OEUF, un parti puritain qui tente de prendre le contr\u00f4le de la ville.<\/p>\n<\/div><\/div>\n\n\n\n<div style=\"height:44px\" aria-hidden=\"true\" class=\"wp-block-spacer\"><\/div>\n\n\n\n<div class=\"wp-block-media-text alignfull has-media-on-the-right is-stacked-on-mobile\"><figure class=\"wp-block-media-text__media\"><img loading=\"lazy\" decoding=\"async\" width=\"1024\" height=\"437\" src=\"https:\/\/laffiche.artecom.studio\/wp-content\/uploads\/2022\/03\/Capture-de\u0301cran-2022-03-23-a\u0300-15.32.11-1024x437.png\" alt=\"\" class=\"wp-image-309 size-full\" srcset=\"https:\/\/laffiche.artecom.studio\/wp-content\/uploads\/2022\/03\/Capture-de\u0301cran-2022-03-23-a\u0300-15.32.11-1024x437.png 1024w, https:\/\/laffiche.artecom.studio\/wp-content\/uploads\/2022\/03\/Capture-de\u0301cran-2022-03-23-a\u0300-15.32.11-300x128.png 300w, https:\/\/laffiche.artecom.studio\/wp-content\/uploads\/2022\/03\/Capture-de\u0301cran-2022-03-23-a\u0300-15.32.11-768x328.png 768w, https:\/\/laffiche.artecom.studio\/wp-content\/uploads\/2022\/03\/Capture-de\u0301cran-2022-03-23-a\u0300-15.32.11-24x10.png 24w, https:\/\/laffiche.artecom.studio\/wp-content\/uploads\/2022\/03\/Capture-de\u0301cran-2022-03-23-a\u0300-15.32.11-36x15.png 36w, https:\/\/laffiche.artecom.studio\/wp-content\/uploads\/2022\/03\/Capture-de\u0301cran-2022-03-23-a\u0300-15.32.11-48x20.png 48w, https:\/\/laffiche.artecom.studio\/wp-content\/uploads\/2022\/03\/Capture-de\u0301cran-2022-03-23-a\u0300-15.32.11.png 1394w\" sizes=\"auto, (max-width: 1024px) 100vw, 1024px\" \/><\/figure><div class=\"wp-block-media-text__content\">\n<h2 class=\"wp-block-heading\">IN LIMBO<\/h2>\n\n\n\n<p class=\"has-normal-font-size\">Hanaa Ojeil<\/p>\n\n\n\n<p class=\"has-small-font-size\">2min47<\/p>\n\n\n\n<p class=\"has-small-font-size\">Une lettre d\u2019amour ou de haine d\u00e9di\u00e9 \u00e0 Beyrouth.<\/p>\n<\/div><\/div>\n\n\n\n<div style=\"height:44px\" aria-hidden=\"true\" class=\"wp-block-spacer\"><\/div>\n\n\n\n<div class=\"wp-block-media-text alignfull is-stacked-on-mobile\"><figure class=\"wp-block-media-text__media\"><img loading=\"lazy\" decoding=\"async\" width=\"1024\" height=\"548\" src=\"https:\/\/laffiche.artecom.studio\/wp-content\/uploads\/2022\/03\/Capture-de\u0301cran-2022-03-23-a\u0300-15.24.23-1024x548.png\" alt=\"\" class=\"wp-image-307 size-full\" srcset=\"https:\/\/laffiche.artecom.studio\/wp-content\/uploads\/2022\/03\/Capture-de\u0301cran-2022-03-23-a\u0300-15.24.23-1024x548.png 1024w, https:\/\/laffiche.artecom.studio\/wp-content\/uploads\/2022\/03\/Capture-de\u0301cran-2022-03-23-a\u0300-15.24.23-300x160.png 300w, https:\/\/laffiche.artecom.studio\/wp-content\/uploads\/2022\/03\/Capture-de\u0301cran-2022-03-23-a\u0300-15.24.23-768x411.png 768w, https:\/\/laffiche.artecom.studio\/wp-content\/uploads\/2022\/03\/Capture-de\u0301cran-2022-03-23-a\u0300-15.24.23-24x13.png 24w, https:\/\/laffiche.artecom.studio\/wp-content\/uploads\/2022\/03\/Capture-de\u0301cran-2022-03-23-a\u0300-15.24.23-36x19.png 36w, https:\/\/laffiche.artecom.studio\/wp-content\/uploads\/2022\/03\/Capture-de\u0301cran-2022-03-23-a\u0300-15.24.23-48x26.png 48w, https:\/\/laffiche.artecom.studio\/wp-content\/uploads\/2022\/03\/Capture-de\u0301cran-2022-03-23-a\u0300-15.24.23.png 1434w\" sizes=\"auto, (max-width: 1024px) 100vw, 1024px\" \/><\/figure><div class=\"wp-block-media-text__content\">\n<h2 class=\"wp-block-heading\">Aigre-Doux<\/h2>\n\n\n\n<p class=\"has-normal-font-size\">Tom Chertier<\/p>\n\n\n\n<p class=\"has-small-font-size\">5min40<\/p>\n\n\n\n<p class=\"has-text-align-left has-small-font-size\">Un homme erre nu dans son salon, il doit se mettre \u00e0 peindre mais rien n&rsquo;y fait, impossible de s&rsquo;y mettre.<\/p>\n<\/div><\/div>\n\n\n\n<div style=\"height:44px\" aria-hidden=\"true\" class=\"wp-block-spacer\"><\/div>\n\n\n\n<div class=\"wp-block-media-text alignfull has-media-on-the-right is-stacked-on-mobile\"><figure class=\"wp-block-media-text__media\"><img loading=\"lazy\" decoding=\"async\" width=\"1006\" height=\"754\" src=\"https:\/\/laffiche.artecom.studio\/wp-content\/uploads\/2022\/03\/Capture-de\u0301cran-2022-03-23-a\u0300-15.22.06.png\" alt=\"\" class=\"wp-image-306 size-full\" srcset=\"https:\/\/laffiche.artecom.studio\/wp-content\/uploads\/2022\/03\/Capture-de\u0301cran-2022-03-23-a\u0300-15.22.06.png 1006w, https:\/\/laffiche.artecom.studio\/wp-content\/uploads\/2022\/03\/Capture-de\u0301cran-2022-03-23-a\u0300-15.22.06-300x225.png 300w, https:\/\/laffiche.artecom.studio\/wp-content\/uploads\/2022\/03\/Capture-de\u0301cran-2022-03-23-a\u0300-15.22.06-768x576.png 768w, https:\/\/laffiche.artecom.studio\/wp-content\/uploads\/2022\/03\/Capture-de\u0301cran-2022-03-23-a\u0300-15.22.06-24x18.png 24w, https:\/\/laffiche.artecom.studio\/wp-content\/uploads\/2022\/03\/Capture-de\u0301cran-2022-03-23-a\u0300-15.22.06-36x27.png 36w, https:\/\/laffiche.artecom.studio\/wp-content\/uploads\/2022\/03\/Capture-de\u0301cran-2022-03-23-a\u0300-15.22.06-48x36.png 48w\" sizes=\"auto, (max-width: 1006px) 100vw, 1006px\" \/><\/figure><div class=\"wp-block-media-text__content\">\n<h2 class=\"wp-block-heading\">Bleu Nuit<\/h2>\n\n\n\n<p class=\"has-normal-font-size\">Lilou Negre-Pullel<\/p>\n\n\n\n<p class=\"has-small-font-size\">17min48<\/p>\n\n\n\n<p class=\"has-small-font-size\">\u00c0 l&rsquo;enterrement de son p\u00e8re, Ma\u00eblle refuse de continuer la c\u00e9r\u00e9monie et quitte le cimeti\u00e8re. Sa grande s\u0153ur Sarah la rejoint. Elles prennent la voiture et d\u00e9ambulent toute une nuit, sans r\u00e9elle destination. Sarah cherche des r\u00e9ponses sur l&rsquo;attitude de Ma\u00eblle, qui semble garder un lourd secret depuis des ann\u00e9es.<\/p>\n<\/div><\/div>\n\n\n\n<div style=\"height:44px\" aria-hidden=\"true\" class=\"wp-block-spacer\"><\/div>\n\n\n\n<h2 class=\"wp-block-heading\">LE JURY<\/h2>\n\n\n\n<div class=\"wp-block-columns alignwide is-layout-flex wp-container-core-columns-is-layout-9d6595d7 wp-block-columns-is-layout-flex\">\n<div class=\"wp-block-column is-layout-flow wp-block-column-is-layout-flow\">\n<figure class=\"wp-block-image size-full is-style-rounded\"><img loading=\"lazy\" decoding=\"async\" width=\"500\" height=\"500\" src=\"https:\/\/laffiche.artecom.studio\/wp-content\/uploads\/2022\/03\/Sans-titre-6.png\" alt=\"\" class=\"wp-image-408\" srcset=\"https:\/\/laffiche.artecom.studio\/wp-content\/uploads\/2022\/03\/Sans-titre-6.png 500w, https:\/\/laffiche.artecom.studio\/wp-content\/uploads\/2022\/03\/Sans-titre-6-300x300.png 300w, https:\/\/laffiche.artecom.studio\/wp-content\/uploads\/2022\/03\/Sans-titre-6-150x150.png 150w, https:\/\/laffiche.artecom.studio\/wp-content\/uploads\/2022\/03\/Sans-titre-6-50x50.png 50w, https:\/\/laffiche.artecom.studio\/wp-content\/uploads\/2022\/03\/Sans-titre-6-24x24.png 24w, https:\/\/laffiche.artecom.studio\/wp-content\/uploads\/2022\/03\/Sans-titre-6-36x36.png 36w, https:\/\/laffiche.artecom.studio\/wp-content\/uploads\/2022\/03\/Sans-titre-6-48x48.png 48w\" sizes=\"auto, (max-width: 500px) 100vw, 500px\" \/><\/figure>\n<\/div>\n\n\n\n<div class=\"wp-block-column is-layout-flow wp-block-column-is-layout-flow\">\n<h5 class=\"wp-block-heading\">Manon Dornier<\/h5>\n\n\n\n<p>Pr\u00e9sidente du festival \u00ab\u00a0S\u00e9quence Court-M\u00e9trage\u00a0\u00bb<\/p>\n<\/div>\n\n\n\n<div class=\"wp-block-column is-layout-flow wp-block-column-is-layout-flow\">\n<figure class=\"wp-block-image size-full is-resized is-style-rounded\"><img loading=\"lazy\" decoding=\"async\" src=\"https:\/\/laffiche.artecom.studio\/wp-content\/uploads\/2022\/03\/Sans-titre-4.png\" alt=\"\" class=\"wp-image-407\" width=\"166\" height=\"166\" srcset=\"https:\/\/laffiche.artecom.studio\/wp-content\/uploads\/2022\/03\/Sans-titre-4.png 500w, https:\/\/laffiche.artecom.studio\/wp-content\/uploads\/2022\/03\/Sans-titre-4-300x300.png 300w, https:\/\/laffiche.artecom.studio\/wp-content\/uploads\/2022\/03\/Sans-titre-4-150x150.png 150w, https:\/\/laffiche.artecom.studio\/wp-content\/uploads\/2022\/03\/Sans-titre-4-50x50.png 50w, https:\/\/laffiche.artecom.studio\/wp-content\/uploads\/2022\/03\/Sans-titre-4-24x24.png 24w, https:\/\/laffiche.artecom.studio\/wp-content\/uploads\/2022\/03\/Sans-titre-4-36x36.png 36w, https:\/\/laffiche.artecom.studio\/wp-content\/uploads\/2022\/03\/Sans-titre-4-48x48.png 48w\" sizes=\"auto, (max-width: 166px) 100vw, 166px\" \/><\/figure>\n<\/div>\n\n\n\n<div class=\"wp-block-column is-layout-flow wp-block-column-is-layout-flow\">\n<h5 class=\"wp-block-heading\">St\u00e9phanie Bousquet<\/h5>\n\n\n\n<p>Responsable d\u2019animation et programmatrice Jeune Public au Cin\u00e9ma ABC<\/p>\n<\/div>\n\n\n\n<div class=\"wp-block-column is-layout-flow wp-block-column-is-layout-flow\">\n<figure class=\"wp-block-image size-full is-style-rounded\"><img loading=\"lazy\" decoding=\"async\" width=\"500\" height=\"500\" src=\"https:\/\/laffiche.artecom.studio\/wp-content\/uploads\/2022\/03\/Sans-titre-7.png\" alt=\"\" class=\"wp-image-409\" srcset=\"https:\/\/laffiche.artecom.studio\/wp-content\/uploads\/2022\/03\/Sans-titre-7.png 500w, https:\/\/laffiche.artecom.studio\/wp-content\/uploads\/2022\/03\/Sans-titre-7-300x300.png 300w, https:\/\/laffiche.artecom.studio\/wp-content\/uploads\/2022\/03\/Sans-titre-7-150x150.png 150w, https:\/\/laffiche.artecom.studio\/wp-content\/uploads\/2022\/03\/Sans-titre-7-50x50.png 50w, https:\/\/laffiche.artecom.studio\/wp-content\/uploads\/2022\/03\/Sans-titre-7-24x24.png 24w, https:\/\/laffiche.artecom.studio\/wp-content\/uploads\/2022\/03\/Sans-titre-7-36x36.png 36w, https:\/\/laffiche.artecom.studio\/wp-content\/uploads\/2022\/03\/Sans-titre-7-48x48.png 48w\" sizes=\"auto, (max-width: 500px) 100vw, 500px\" \/><\/figure>\n<\/div>\n\n\n\n<div class=\"wp-block-column is-layout-flow wp-block-column-is-layout-flow\">\n<h5 class=\"wp-block-heading\">Marie Ch\u00e8vre<\/h5>\n\n\n\n<p>Charg\u00e9e de l&rsquo;\u00e9ducation aux images \u00e0 Occitanie Films<\/p>\n<\/div>\n<\/div>\n\n\n\n<div class=\"wp-block-columns alignwide is-layout-flex wp-container-core-columns-is-layout-9d6595d7 wp-block-columns-is-layout-flex\">\n<div class=\"wp-block-column is-layout-flow wp-block-column-is-layout-flow\">\n<div class=\"wp-block-image is-style-rounded\"><figure class=\"alignright size-full is-resized\"><img loading=\"lazy\" decoding=\"async\" src=\"https:\/\/laffiche.artecom.studio\/wp-content\/uploads\/2022\/03\/Sans-titre-5.png\" alt=\"\" class=\"wp-image-406\" width=\"169\" height=\"169\" srcset=\"https:\/\/laffiche.artecom.studio\/wp-content\/uploads\/2022\/03\/Sans-titre-5.png 500w, https:\/\/laffiche.artecom.studio\/wp-content\/uploads\/2022\/03\/Sans-titre-5-300x300.png 300w, https:\/\/laffiche.artecom.studio\/wp-content\/uploads\/2022\/03\/Sans-titre-5-150x150.png 150w, https:\/\/laffiche.artecom.studio\/wp-content\/uploads\/2022\/03\/Sans-titre-5-50x50.png 50w, https:\/\/laffiche.artecom.studio\/wp-content\/uploads\/2022\/03\/Sans-titre-5-24x24.png 24w, https:\/\/laffiche.artecom.studio\/wp-content\/uploads\/2022\/03\/Sans-titre-5-36x36.png 36w, https:\/\/laffiche.artecom.studio\/wp-content\/uploads\/2022\/03\/Sans-titre-5-48x48.png 48w\" sizes=\"auto, (max-width: 169px) 100vw, 169px\" \/><\/figure><\/div>\n<\/div>\n\n\n\n<div class=\"wp-block-column is-layout-flow wp-block-column-is-layout-flow\">\n<h5 class=\"wp-block-heading\">Tristan Francia<\/h5>\n\n\n\n<p>Auteur et r\u00e9alisateur de films de courts-m\u00e9trages d&rsquo;animations<br><\/p>\n\n\n\n<p><em>La Vache qui t\u00e2chait de chercher ses taches<\/em><br><em>La Rallonge<\/em><br><em>L\u2019araign\u00e9e<\/em><br><\/p>\n<\/div>\n\n\n\n<div class=\"wp-block-column is-layout-flow wp-block-column-is-layout-flow\">\n<div class=\"wp-block-image is-style-rounded\"><figure class=\"alignright size-full is-resized\"><img loading=\"lazy\" decoding=\"async\" src=\"https:\/\/laffiche.artecom.studio\/wp-content\/uploads\/2022\/04\/Sans-titre-2.jpg\" alt=\"\" class=\"wp-image-431\" width=\"172\" height=\"172\" srcset=\"https:\/\/laffiche.artecom.studio\/wp-content\/uploads\/2022\/04\/Sans-titre-2.jpg 500w, https:\/\/laffiche.artecom.studio\/wp-content\/uploads\/2022\/04\/Sans-titre-2-300x300.jpg 300w, https:\/\/laffiche.artecom.studio\/wp-content\/uploads\/2022\/04\/Sans-titre-2-150x150.jpg 150w, https:\/\/laffiche.artecom.studio\/wp-content\/uploads\/2022\/04\/Sans-titre-2-50x50.jpg 50w, https:\/\/laffiche.artecom.studio\/wp-content\/uploads\/2022\/04\/Sans-titre-2-24x24.jpg 24w, https:\/\/laffiche.artecom.studio\/wp-content\/uploads\/2022\/04\/Sans-titre-2-36x36.jpg 36w, https:\/\/laffiche.artecom.studio\/wp-content\/uploads\/2022\/04\/Sans-titre-2-48x48.jpg 48w\" sizes=\"auto, (max-width: 172px) 100vw, 172px\" \/><\/figure><\/div>\n<\/div>\n\n\n\n<div class=\"wp-block-column is-layout-flow wp-block-column-is-layout-flow\">\n<h5 class=\"wp-block-heading\">Kathy Sebbah<\/h5>\n\n\n\n<p>R\u00e9alisatrice et chef-op\u00e9ratrice<br><br><em>Mic Jean-Louis<br>La Harde<br>Dancing Odeon <br>Histoire de Vincent Delerm<\/em><\/p>\n<\/div>\n<\/div>\n\n\n\n<div style=\"height:44px\" aria-hidden=\"true\" class=\"wp-block-spacer\"><\/div>\n\n\n\n<h2 class=\"wp-block-heading\">LES PRIX<\/h2>\n\n\n\n<ul class=\"wp-block-list\"><li>Le court-m\u00e9trage remportant le <strong>prix du jury<\/strong> aura la chance d&rsquo;\u00eatre projet\u00e9 (hors comp\u00e9tition) lors de la prochaine \u00e9dition du festival <a href=\"http:\/\/www.sequence-court.com\/\" target=\"_blank\" rel=\"noreferrer noopener\">\u00ab&nbsp;S\u00e9quence court-m\u00e9trage&nbsp;\u00bb<\/a> qui se tiendra du 7 au 11 d\u00e9cembre 2022.<\/li><li>Le r\u00e9alisateur du court-m\u00e9trage remportant le <strong>prix du public<\/strong> recevra un bon d\u2019achat d\u2019une valeur de 1500\u20ac offert par la soci\u00e9t\u00e9 <a href=\"https:\/\/www.papaye.com\/\" target=\"_blank\" rel=\"noreferrer noopener\">Papaye<\/a>, sp\u00e9cialis\u00e9e dans la location de moyens techniques pour la T\u00e9l\u00e9vision, le Cin\u00e9ma et l\u2019Audiovisuel.<\/li><\/ul>\n\n\n\n<p><\/p>\n","protected":false},"excerpt":{"rendered":"<p>Dans le but de promouvoir et de soutenir les \u00e9tudiants en cin\u00e9ma de Toulouse, les \u00e9tudiants du Master 1 Culture et communication parcours communication audiovisuelle et m\u00e9dias de l&rsquo;universit\u00e9 de<span class=\"more-button\"><a href=\"https:\/\/laffiche.artecom.studio\/?page_id=13\" class=\"more-link\">Lire la suite<span class=\"screen-reader-text\">Concours courts-m\u00e9trages<\/span><\/a><\/span><\/p>\n","protected":false},"author":4,"featured_media":0,"parent":0,"menu_order":0,"comment_status":"closed","ping_status":"closed","template":"templates\/no-sidebar.php","meta":{"footnotes":""},"class_list":["post-13","page","type-page","status-publish","hentry"],"_links":{"self":[{"href":"https:\/\/laffiche.artecom.studio\/index.php?rest_route=\/wp\/v2\/pages\/13","targetHints":{"allow":["GET"]}}],"collection":[{"href":"https:\/\/laffiche.artecom.studio\/index.php?rest_route=\/wp\/v2\/pages"}],"about":[{"href":"https:\/\/laffiche.artecom.studio\/index.php?rest_route=\/wp\/v2\/types\/page"}],"author":[{"embeddable":true,"href":"https:\/\/laffiche.artecom.studio\/index.php?rest_route=\/wp\/v2\/users\/4"}],"replies":[{"embeddable":true,"href":"https:\/\/laffiche.artecom.studio\/index.php?rest_route=%2Fwp%2Fv2%2Fcomments&post=13"}],"version-history":[{"count":15,"href":"https:\/\/laffiche.artecom.studio\/index.php?rest_route=\/wp\/v2\/pages\/13\/revisions"}],"predecessor-version":[{"id":432,"href":"https:\/\/laffiche.artecom.studio\/index.php?rest_route=\/wp\/v2\/pages\/13\/revisions\/432"}],"wp:attachment":[{"href":"https:\/\/laffiche.artecom.studio\/index.php?rest_route=%2Fwp%2Fv2%2Fmedia&parent=13"}],"curies":[{"name":"wp","href":"https:\/\/api.w.org\/{rel}","templated":true}]}}