{"id":15,"date":"2022-03-18T10:18:46","date_gmt":"2022-03-18T10:18:46","guid":{"rendered":"https:\/\/laffiche.artecom.studio\/?page_id=15"},"modified":"2022-05-13T14:56:09","modified_gmt":"2022-05-13T14:56:09","slug":"animations","status":"publish","type":"page","link":"https:\/\/laffiche.artecom.studio\/?page_id=15","title":{"rendered":"Animations"},"content":{"rendered":"\n<div class=\"wp-block-columns is-layout-flex wp-container-core-columns-is-layout-9d6595d7 wp-block-columns-is-layout-flex\">\n<div class=\"wp-block-column is-layout-flow wp-block-column-is-layout-flow\">\n<div class=\"wp-block-cover\" style=\"min-height:323px;aspect-ratio:unset;\"><span aria-hidden=\"true\" class=\"has-background-dim-60 wp-block-cover__gradient-background has-background-dim\"><\/span><img loading=\"lazy\" decoding=\"async\" width=\"1745\" height=\"1163\" class=\"wp-block-cover__image-background wp-image-328\" alt=\"\" src=\"https:\/\/laffiche.artecom.studio\/wp-content\/uploads\/2022\/03\/exposition1-1.jpg\" style=\"object-position:50% 50%\" data-object-fit=\"cover\" data-object-position=\"50% 50%\" srcset=\"https:\/\/laffiche.artecom.studio\/wp-content\/uploads\/2022\/03\/exposition1-1.jpg 1745w, https:\/\/laffiche.artecom.studio\/wp-content\/uploads\/2022\/03\/exposition1-1-300x200.jpg 300w, https:\/\/laffiche.artecom.studio\/wp-content\/uploads\/2022\/03\/exposition1-1-1024x682.jpg 1024w, https:\/\/laffiche.artecom.studio\/wp-content\/uploads\/2022\/03\/exposition1-1-768x512.jpg 768w, https:\/\/laffiche.artecom.studio\/wp-content\/uploads\/2022\/03\/exposition1-1-1536x1024.jpg 1536w, https:\/\/laffiche.artecom.studio\/wp-content\/uploads\/2022\/03\/exposition1-1-963x642.jpg 963w, https:\/\/laffiche.artecom.studio\/wp-content\/uploads\/2022\/03\/exposition1-1-24x16.jpg 24w, https:\/\/laffiche.artecom.studio\/wp-content\/uploads\/2022\/03\/exposition1-1-36x24.jpg 36w, https:\/\/laffiche.artecom.studio\/wp-content\/uploads\/2022\/03\/exposition1-1-48x32.jpg 48w\" sizes=\"auto, (max-width: 1745px) 100vw, 1745px\" \/><div class=\"wp-block-cover__inner-container is-layout-flow wp-block-cover-is-layout-flow\">\n<p class=\"has-text-align-center\" style=\"font-size:36px\">Exposition <\/p>\n<\/div><\/div>\n<\/div>\n\n\n\n<div class=\"wp-block-column is-layout-flow wp-block-column-is-layout-flow\">\n<div class=\"wp-block-cover\" style=\"min-height:323px;aspect-ratio:unset;\"><span aria-hidden=\"true\" class=\"wp-block-cover__gradient-background has-background-dim\"><\/span><img loading=\"lazy\" decoding=\"async\" width=\"1159\" height=\"1748\" class=\"wp-block-cover__image-background wp-image-329\" alt=\"\" src=\"https:\/\/laffiche.artecom.studio\/wp-content\/uploads\/2022\/03\/blind-test1-1.jpg\" data-object-fit=\"cover\" srcset=\"https:\/\/laffiche.artecom.studio\/wp-content\/uploads\/2022\/03\/blind-test1-1.jpg 1159w, https:\/\/laffiche.artecom.studio\/wp-content\/uploads\/2022\/03\/blind-test1-1-199x300.jpg 199w, https:\/\/laffiche.artecom.studio\/wp-content\/uploads\/2022\/03\/blind-test1-1-679x1024.jpg 679w, https:\/\/laffiche.artecom.studio\/wp-content\/uploads\/2022\/03\/blind-test1-1-768x1158.jpg 768w, https:\/\/laffiche.artecom.studio\/wp-content\/uploads\/2022\/03\/blind-test1-1-1018x1536.jpg 1018w, https:\/\/laffiche.artecom.studio\/wp-content\/uploads\/2022\/03\/blind-test1-1-16x24.jpg 16w, https:\/\/laffiche.artecom.studio\/wp-content\/uploads\/2022\/03\/blind-test1-1-24x36.jpg 24w, https:\/\/laffiche.artecom.studio\/wp-content\/uploads\/2022\/03\/blind-test1-1-32x48.jpg 32w\" sizes=\"auto, (max-width: 1159px) 100vw, 1159px\" \/><div class=\"wp-block-cover__inner-container is-layout-flow wp-block-cover-is-layout-flow\">\n<p class=\"has-text-align-center\" style=\"font-size:36px\">Blind test<\/p>\n<\/div><\/div>\n<\/div>\n\n\n\n<div class=\"wp-block-column is-layout-flow wp-block-column-is-layout-flow\">\n<div class=\"wp-block-cover\" style=\"min-height:322px;aspect-ratio:unset;\"><span aria-hidden=\"true\" class=\"wp-block-cover__gradient-background has-background-dim\"><\/span><img loading=\"lazy\" decoding=\"async\" width=\"500\" height=\"750\" class=\"wp-block-cover__image-background wp-image-321\" alt=\"\" src=\"https:\/\/laffiche.artecom.studio\/wp-content\/uploads\/2022\/03\/photobooth.jpg\" data-object-fit=\"cover\" srcset=\"https:\/\/laffiche.artecom.studio\/wp-content\/uploads\/2022\/03\/photobooth.jpg 500w, https:\/\/laffiche.artecom.studio\/wp-content\/uploads\/2022\/03\/photobooth-200x300.jpg 200w, https:\/\/laffiche.artecom.studio\/wp-content\/uploads\/2022\/03\/photobooth-16x24.jpg 16w, https:\/\/laffiche.artecom.studio\/wp-content\/uploads\/2022\/03\/photobooth-24x36.jpg 24w, https:\/\/laffiche.artecom.studio\/wp-content\/uploads\/2022\/03\/photobooth-32x48.jpg 32w\" sizes=\"auto, (max-width: 500px) 100vw, 500px\" \/><div class=\"wp-block-cover__inner-container is-layout-flow wp-block-cover-is-layout-flow\">\n<p class=\"has-text-align-center\" style=\"font-size:36px\">Photobooth<\/p>\n<\/div><\/div>\n<\/div>\n<\/div>\n\n\n\n<div class=\"wp-block-columns is-layout-flex wp-container-core-columns-is-layout-9d6595d7 wp-block-columns-is-layout-flex\">\n<div class=\"wp-block-column is-layout-flow wp-block-column-is-layout-flow\">\n<p class=\"has-text-align-center\">Durant les temps de pause, profitez d&rsquo;une exposition d&rsquo;affiches de cin\u00e9ma dans le hall de l&rsquo;ABC. D\u00e9couvrez de nombreux films qui ont fait l&rsquo;\u00e9v\u00e9nement ces derni\u00e8res ann\u00e9es ou marqu\u00e9 l&rsquo;histoire plus ancienne du septi\u00e8me art.<\/p>\n<\/div>\n\n\n\n<div class=\"wp-block-column is-layout-flow wp-block-column-is-layout-flow\">\n<p class=\"has-text-align-center\">En \u00e9quipe, participez \u00e0 notre Blind Test d\u00e9di\u00e9 aux musiques de films. Con\u00e7u sp\u00e9cialement pour vous, nous avons s\u00e9lectionn\u00e9 les bande-sons des films les plus cultes, en veillant \u00e0 varier le niveau de difficult\u00e9. L\u2019\u00e9quipe qui donnera la bonne r\u00e9ponse le plus rapidement remportera le point. Les participants avec le plus de points seront les grands vainqueurs de l\u2019\u00e9preuve et recevront un prix.<\/p>\n<\/div>\n\n\n\n<div class=\"wp-block-column is-layout-flow wp-block-column-is-layout-flow\">\n<p class=\"has-text-align-center\">Pour des souvenirs inoubliables d\u2019une nuit sous les projecteurs, venez poser sur le tapis rouge de notre photobooth. Notre \u00e9quipe de photographe est \u00e0 votre disposition pour la soir\u00e9e afin de garantir votre meilleur shooting. Vous y trouverez toute sorte d\u2019accessoires, ainsi qu\u2019un d\u00e9cor install\u00e9 pour l\u2019\u00e9v\u00e9nement. Partagez sur Instagram vos meilleures photos gr\u00e2ce \u00e0 notre <strong>#LafficheToulouse.<\/strong><br><br>RETROUVEZ LES PHOTOS DU PHOTOBOOTH <a href=\"https:\/\/drive.google.com\/drive\/folders\/1AgkXD0B04JHiqGdP760qeqyqSoo259PH?usp=sharing\" target=\"_blank\" rel=\"noreferrer noopener\">ICI<\/a><\/p>\n<\/div>\n<\/div>\n\n\n\n<div style=\"height:100px\" aria-hidden=\"true\" class=\"wp-block-spacer\"><\/div>\n\n\n\n<div class=\"wp-block-cover alignleft\" style=\"min-height:258px;aspect-ratio:unset;\"><span aria-hidden=\"true\" class=\"wp-block-cover__gradient-background has-background-dim\"><\/span><img loading=\"lazy\" decoding=\"async\" width=\"1146\" height=\"689\" class=\"wp-block-cover__image-background wp-image-361\" alt=\"\" src=\"https:\/\/laffiche.artecom.studio\/wp-content\/uploads\/2022\/03\/Buffet2-1.jpg\" data-object-fit=\"cover\" srcset=\"https:\/\/laffiche.artecom.studio\/wp-content\/uploads\/2022\/03\/Buffet2-1.jpg 1146w, https:\/\/laffiche.artecom.studio\/wp-content\/uploads\/2022\/03\/Buffet2-1-300x180.jpg 300w, https:\/\/laffiche.artecom.studio\/wp-content\/uploads\/2022\/03\/Buffet2-1-1024x616.jpg 1024w, https:\/\/laffiche.artecom.studio\/wp-content\/uploads\/2022\/03\/Buffet2-1-768x462.jpg 768w, https:\/\/laffiche.artecom.studio\/wp-content\/uploads\/2022\/03\/Buffet2-1-24x14.jpg 24w, https:\/\/laffiche.artecom.studio\/wp-content\/uploads\/2022\/03\/Buffet2-1-36x22.jpg 36w, https:\/\/laffiche.artecom.studio\/wp-content\/uploads\/2022\/03\/Buffet2-1-48x29.jpg 48w\" sizes=\"auto, (max-width: 1146px) 100vw, 1146px\" \/><div class=\"wp-block-cover__inner-container is-layout-flow wp-block-cover-is-layout-flow\">\n<p class=\"has-text-align-center has-large-font-size\">Buffet<\/p>\n<\/div><\/div>\n\n\n\n<p><br><br>Une soir\u00e9e sans buffet est une soir\u00e9e rat\u00e9e. Heureusement nous en avons pr\u00e9vu un pour r\u00e9galer vos papilles!<br>PS: On n&rsquo;a \u00e9videmment pas oubli\u00e9 les v\u00e9g\u00e9s<\/p>\n","protected":false},"excerpt":{"rendered":"<p>Durant les temps de pause, profitez d&rsquo;une exposition d&rsquo;affiches de cin\u00e9ma dans le hall de l&rsquo;ABC. D\u00e9couvrez de nombreux films qui ont fait l&rsquo;\u00e9v\u00e9nement ces derni\u00e8res ann\u00e9es ou marqu\u00e9 l&rsquo;histoire<span class=\"more-button\"><a href=\"https:\/\/laffiche.artecom.studio\/?page_id=15\" class=\"more-link\">Lire la suite<span class=\"screen-reader-text\">Animations<\/span><\/a><\/span><\/p>\n","protected":false},"author":1,"featured_media":0,"parent":0,"menu_order":0,"comment_status":"closed","ping_status":"closed","template":"templates\/no-sidebar.php","meta":{"footnotes":""},"class_list":["post-15","page","type-page","status-publish","hentry"],"_links":{"self":[{"href":"https:\/\/laffiche.artecom.studio\/index.php?rest_route=\/wp\/v2\/pages\/15","targetHints":{"allow":["GET"]}}],"collection":[{"href":"https:\/\/laffiche.artecom.studio\/index.php?rest_route=\/wp\/v2\/pages"}],"about":[{"href":"https:\/\/laffiche.artecom.studio\/index.php?rest_route=\/wp\/v2\/types\/page"}],"author":[{"embeddable":true,"href":"https:\/\/laffiche.artecom.studio\/index.php?rest_route=\/wp\/v2\/users\/1"}],"replies":[{"embeddable":true,"href":"https:\/\/laffiche.artecom.studio\/index.php?rest_route=%2Fwp%2Fv2%2Fcomments&post=15"}],"version-history":[{"count":17,"href":"https:\/\/laffiche.artecom.studio\/index.php?rest_route=\/wp\/v2\/pages\/15\/revisions"}],"predecessor-version":[{"id":434,"href":"https:\/\/laffiche.artecom.studio\/index.php?rest_route=\/wp\/v2\/pages\/15\/revisions\/434"}],"wp:attachment":[{"href":"https:\/\/laffiche.artecom.studio\/index.php?rest_route=%2Fwp%2Fv2%2Fmedia&parent=15"}],"curies":[{"name":"wp","href":"https:\/\/api.w.org\/{rel}","templated":true}]}}