{"id":19,"date":"2022-03-18T10:19:09","date_gmt":"2022-03-18T10:19:09","guid":{"rendered":"https:\/\/laffiche.artecom.studio\/?page_id=19"},"modified":"2022-03-29T10:38:07","modified_gmt":"2022-03-29T10:38:07","slug":"infos-pratiques","status":"publish","type":"page","link":"https:\/\/laffiche.artecom.studio\/?page_id=19","title":{"rendered":"Infos pratiques"},"content":{"rendered":"\n<h2 class=\"wp-block-heading\">Plan d&rsquo;acc\u00e8s <\/h2>\n\n\n\n<div class=\"wp-block-webfactory-map\"><div class=\"wp-block-webfactory-map\"><iframe loading=\"lazy\" width=\"100%\" height=\"354px\" src=\"https:\/\/www.google.com\/maps\/embed\/v1\/place?q=Cin%C3%A9ma%20ABC%2C%2013%20rue%20saint%20bernard%2C%2031300%20Toulouse&amp;maptype=roadmap&amp;zoom=14&amp;key=AIzaSyAjyDspiPfzEfjRSS5fQzm-3jHFjHxeXB4\" frameborder=\"0\"><\/iframe><\/div><\/div>\n\n\n\n<p><strong>M\u00e9tro :<\/strong> (dernier d\u00e9part \u00e0 3h)<br>Ligne B Station Jeanne-d&rsquo;Arc<br>Ligne A Station Capitole <\/p>\n\n\n\n<p><strong>Bus :<\/strong><br>L1, L9, 15, 23, 29, 39, 45, 70<\/p>\n\n\n\n<p><strong>Bus de nuit :<\/strong><br>39<\/p>\n\n\n\n<h2 class=\"wp-block-heading\">Tarifs<\/h2>\n\n\n\n<p>Soir\u00e9e enti\u00e8re (de 18h00 \u00e0 2h00): 9\u20ac<br>Tarif un long-m\u00e9trage + concours de court-m\u00e9trage : Tarifs habituels du cin\u00e9ma soit 8\u20ac ou tarif r\u00e9duit \u00e0 6\u20ac (<em>&#8211; 26 ans, ch\u00f4meurs, invalides, RSA, carteToulouse Culture&#8230;)<\/em><br>(\u00e9ligible au pass culture)<br><br>Les places sont disponibles \u00e0 la pr\u00e9-vente directement \u00e0 l&rsquo;ABC ou sur le site en cliquant <a href=\"http:\/\/abc-toulouse.fr\/evenements\/seances-speciales\/l-affiche-une-nuit-au-cinema.html\" target=\"_blank\" rel=\"noreferrer noopener\">ici<\/a><\/p>\n\n\n\n<h2 class=\"wp-block-heading\">Contact <\/h2>\n\n\n\n<p>Des questions ?<br>Vous pouvez nous \u00e9crire \u00e0 <a href=\"mailto:lasalledacote.toulouse@gmail.com\" data-type=\"mailto\" data-id=\"mailto:lasalledacote.toulouse@gmail.com\">lasalledacote.toulouse@gmail.com<\/a> <\/p>\n\n\n\n<p>Ou sur nos r\u00e9seaux sociaux :<\/p>\n\n\n\n<ul class=\"wp-block-social-links is-layout-flex wp-block-social-links-is-layout-flex\"><li class=\"wp-social-link wp-social-link-instagram  wp-block-social-link\"><a href=\"https:\/\/www.instagram.com\/laffiche.toulouse\/\" class=\"wp-block-social-link-anchor\"><svg width=\"24\" height=\"24\" viewBox=\"0 0 24 24\" version=\"1.1\" xmlns=\"http:\/\/www.w3.org\/2000\/svg\" aria-hidden=\"true\" focusable=\"false\"><path d=\"M12,4.622c2.403,0,2.688,0.009,3.637,0.052c0.877,0.04,1.354,0.187,1.671,0.31c0.42,0.163,0.72,0.358,1.035,0.673 c0.315,0.315,0.51,0.615,0.673,1.035c0.123,0.317,0.27,0.794,0.31,1.671c0.043,0.949,0.052,1.234,0.052,3.637 s-0.009,2.688-0.052,3.637c-0.04,0.877-0.187,1.354-0.31,1.671c-0.163,0.42-0.358,0.72-0.673,1.035 c-0.315,0.315-0.615,0.51-1.035,0.673c-0.317,0.123-0.794,0.27-1.671,0.31c-0.949,0.043-1.233,0.052-3.637,0.052 s-2.688-0.009-3.637-0.052c-0.877-0.04-1.354-0.187-1.671-0.31c-0.42-0.163-0.72-0.358-1.035-0.673 c-0.315-0.315-0.51-0.615-0.673-1.035c-0.123-0.317-0.27-0.794-0.31-1.671C4.631,14.688,4.622,14.403,4.622,12 s0.009-2.688,0.052-3.637c0.04-0.877,0.187-1.354,0.31-1.671c0.163-0.42,0.358-0.72,0.673-1.035 c0.315-0.315,0.615-0.51,1.035-0.673c0.317-0.123,0.794-0.27,1.671-0.31C9.312,4.631,9.597,4.622,12,4.622 M12,3 C9.556,3,9.249,3.01,8.289,3.054C7.331,3.098,6.677,3.25,6.105,3.472C5.513,3.702,5.011,4.01,4.511,4.511 c-0.5,0.5-0.808,1.002-1.038,1.594C3.25,6.677,3.098,7.331,3.054,8.289C3.01,9.249,3,9.556,3,12c0,2.444,0.01,2.751,0.054,3.711 c0.044,0.958,0.196,1.612,0.418,2.185c0.23,0.592,0.538,1.094,1.038,1.594c0.5,0.5,1.002,0.808,1.594,1.038 c0.572,0.222,1.227,0.375,2.185,0.418C9.249,20.99,9.556,21,12,21s2.751-0.01,3.711-0.054c0.958-0.044,1.612-0.196,2.185-0.418 c0.592-0.23,1.094-0.538,1.594-1.038c0.5-0.5,0.808-1.002,1.038-1.594c0.222-0.572,0.375-1.227,0.418-2.185 C20.99,14.751,21,14.444,21,12s-0.01-2.751-0.054-3.711c-0.044-0.958-0.196-1.612-0.418-2.185c-0.23-0.592-0.538-1.094-1.038-1.594 c-0.5-0.5-1.002-0.808-1.594-1.038c-0.572-0.222-1.227-0.375-2.185-0.418C14.751,3.01,14.444,3,12,3L12,3z M12,7.378 c-2.552,0-4.622,2.069-4.622,4.622S9.448,16.622,12,16.622s4.622-2.069,4.622-4.622S14.552,7.378,12,7.378z M12,15 c-1.657,0-3-1.343-3-3s1.343-3,3-3s3,1.343,3,3S13.657,15,12,15z M16.804,6.116c-0.596,0-1.08,0.484-1.08,1.08 s0.484,1.08,1.08,1.08c0.596,0,1.08-0.484,1.08-1.08S17.401,6.116,16.804,6.116z\"><\/path><\/svg><span class=\"wp-block-social-link-label screen-reader-text\">Instagram<\/span><\/a><\/li>\n\n<li class=\"wp-social-link wp-social-link-twitter  wp-block-social-link\"><a href=\"https:\/\/twitter.com\/l_afficheCAM\" class=\"wp-block-social-link-anchor\"><svg width=\"24\" height=\"24\" viewBox=\"0 0 24 24\" version=\"1.1\" xmlns=\"http:\/\/www.w3.org\/2000\/svg\" aria-hidden=\"true\" focusable=\"false\"><path d=\"M22.23,5.924c-0.736,0.326-1.527,0.547-2.357,0.646c0.847-0.508,1.498-1.312,1.804-2.27 c-0.793,0.47-1.671,0.812-2.606,0.996C18.324,4.498,17.257,4,16.077,4c-2.266,0-4.103,1.837-4.103,4.103 c0,0.322,0.036,0.635,0.106,0.935C8.67,8.867,5.647,7.234,3.623,4.751C3.27,5.357,3.067,6.062,3.067,6.814 c0,1.424,0.724,2.679,1.825,3.415c-0.673-0.021-1.305-0.206-1.859-0.513c0,0.017,0,0.034,0,0.052c0,1.988,1.414,3.647,3.292,4.023 c-0.344,0.094-0.707,0.144-1.081,0.144c-0.264,0-0.521-0.026-0.772-0.074c0.522,1.63,2.038,2.816,3.833,2.85 c-1.404,1.1-3.174,1.756-5.096,1.756c-0.331,0-0.658-0.019-0.979-0.057c1.816,1.164,3.973,1.843,6.29,1.843 c7.547,0,11.675-6.252,11.675-11.675c0-0.178-0.004-0.355-0.012-0.531C20.985,7.47,21.68,6.747,22.23,5.924z\"><\/path><\/svg><span class=\"wp-block-social-link-label screen-reader-text\">Twitter<\/span><\/a><\/li>\n\n<li class=\"wp-social-link wp-social-link-facebook  wp-block-social-link\"><a href=\"https:\/\/www.facebook.com\/laffiche.toulouse\" class=\"wp-block-social-link-anchor\"><svg width=\"24\" height=\"24\" viewBox=\"0 0 24 24\" version=\"1.1\" xmlns=\"http:\/\/www.w3.org\/2000\/svg\" aria-hidden=\"true\" focusable=\"false\"><path d=\"M12 2C6.5 2 2 6.5 2 12c0 5 3.7 9.1 8.4 9.9v-7H7.9V12h2.5V9.8c0-2.5 1.5-3.9 3.8-3.9 1.1 0 2.2.2 2.2.2v2.5h-1.3c-1.2 0-1.6.8-1.6 1.6V12h2.8l-.4 2.9h-2.3v7C18.3 21.1 22 17 22 12c0-5.5-4.5-10-10-10z\"><\/path><\/svg><span class=\"wp-block-social-link-label screen-reader-text\">Facebook<\/span><\/a><\/li><\/ul>\n\n\n\n<h2 class=\"wp-block-heading\">Nos partenaires <\/h2>\n\n\n\n<p> <\/p>\n\n\n\n<div class=\"wp-block-image\"><figure class=\"alignleft size-thumbnail is-resized\"><a href=\"http:\/\/abc-toulouse.fr\/\"><img loading=\"lazy\" decoding=\"async\" src=\"https:\/\/laffiche.artecom.studio\/wp-content\/uploads\/2022\/03\/logo-abc-bl-png-150x150.png\" alt=\"\" class=\"wp-image-168\" width=\"110\" height=\"110\" srcset=\"https:\/\/laffiche.artecom.studio\/wp-content\/uploads\/2022\/03\/logo-abc-bl-png-150x150.png 150w, https:\/\/laffiche.artecom.studio\/wp-content\/uploads\/2022\/03\/logo-abc-bl-png-300x296.png 300w, https:\/\/laffiche.artecom.studio\/wp-content\/uploads\/2022\/03\/logo-abc-bl-png-640x640.png 640w, https:\/\/laffiche.artecom.studio\/wp-content\/uploads\/2022\/03\/logo-abc-bl-png-50x50.png 50w, https:\/\/laffiche.artecom.studio\/wp-content\/uploads\/2022\/03\/logo-abc-bl-png-24x24.png 24w, https:\/\/laffiche.artecom.studio\/wp-content\/uploads\/2022\/03\/logo-abc-bl-png-36x36.png 36w, https:\/\/laffiche.artecom.studio\/wp-content\/uploads\/2022\/03\/logo-abc-bl-png-48x48.png 48w\" sizes=\"auto, (max-width: 110px) 100vw, 110px\" \/><\/a><\/figure><\/div>\n\n\n\n<div class=\"wp-block-image\"><figure class=\"alignleft size-medium is-resized\"><a href=\"https:\/\/www.occitanie-films.fr\/\"><img loading=\"lazy\" decoding=\"async\" src=\"https:\/\/laffiche.artecom.studio\/wp-content\/uploads\/2022\/03\/logo_OF-300x109.png\" alt=\"\" class=\"wp-image-171\" width=\"247\" height=\"110\"\/><\/a><\/figure><\/div>\n\n\n\n<div class=\"wp-block-group\"><div class=\"wp-block-group__inner-container is-layout-flow wp-block-group-is-layout-flow\">\n<div class=\"wp-block-image\"><figure class=\"alignleft size-full is-resized\"><a href=\"https:\/\/www.laregion.fr\/\"><img loading=\"lazy\" decoding=\"async\" src=\"https:\/\/laffiche.artecom.studio\/wp-content\/uploads\/2022\/03\/Logo-region-Occitanie-1.png\" alt=\"\" class=\"wp-image-176\" width=\"196\" height=\"137\" srcset=\"https:\/\/laffiche.artecom.studio\/wp-content\/uploads\/2022\/03\/Logo-region-Occitanie-1.png 1000w, https:\/\/laffiche.artecom.studio\/wp-content\/uploads\/2022\/03\/Logo-region-Occitanie-1-300x209.png 300w, https:\/\/laffiche.artecom.studio\/wp-content\/uploads\/2022\/03\/Logo-region-Occitanie-1-768x536.png 768w, https:\/\/laffiche.artecom.studio\/wp-content\/uploads\/2022\/03\/Logo-region-Occitanie-1-24x17.png 24w, https:\/\/laffiche.artecom.studio\/wp-content\/uploads\/2022\/03\/Logo-region-Occitanie-1-36x25.png 36w, https:\/\/laffiche.artecom.studio\/wp-content\/uploads\/2022\/03\/Logo-region-Occitanie-1-48x34.png 48w\" sizes=\"auto, (max-width: 196px) 100vw, 196px\" \/><\/a><\/figure><\/div>\n<\/div><\/div>\n\n\n\n<figure class=\"wp-block-image size-large is-resized\"><img loading=\"lazy\" decoding=\"async\" src=\"https:\/\/laffiche.artecom.studio\/wp-content\/uploads\/2022\/03\/SALLECOTE_LOGO_NoirB-1-1024x576.png\" alt=\"\" class=\"wp-image-174\" width=\"195\" height=\"110\" srcset=\"https:\/\/laffiche.artecom.studio\/wp-content\/uploads\/2022\/03\/SALLECOTE_LOGO_NoirB-1-1024x576.png 1024w, https:\/\/laffiche.artecom.studio\/wp-content\/uploads\/2022\/03\/SALLECOTE_LOGO_NoirB-1-300x169.png 300w, https:\/\/laffiche.artecom.studio\/wp-content\/uploads\/2022\/03\/SALLECOTE_LOGO_NoirB-1-768x432.png 768w, https:\/\/laffiche.artecom.studio\/wp-content\/uploads\/2022\/03\/SALLECOTE_LOGO_NoirB-1-1536x864.png 1536w, https:\/\/laffiche.artecom.studio\/wp-content\/uploads\/2022\/03\/SALLECOTE_LOGO_NoirB-1-24x14.png 24w, https:\/\/laffiche.artecom.studio\/wp-content\/uploads\/2022\/03\/SALLECOTE_LOGO_NoirB-1-36x20.png 36w, https:\/\/laffiche.artecom.studio\/wp-content\/uploads\/2022\/03\/SALLECOTE_LOGO_NoirB-1-48x27.png 48w, https:\/\/laffiche.artecom.studio\/wp-content\/uploads\/2022\/03\/SALLECOTE_LOGO_NoirB-1.png 1920w\" sizes=\"auto, (max-width: 195px) 100vw, 195px\" \/><\/figure>\n\n\n\n<div class=\"wp-block-image\"><figure class=\"alignleft size-full is-resized\"><a href=\"https:\/\/www.papaye.com\/\"><img loading=\"lazy\" decoding=\"async\" src=\"https:\/\/laffiche.artecom.studio\/wp-content\/uploads\/2022\/03\/logo-papaye-rvb1-1.png\" alt=\"\" class=\"wp-image-181\" width=\"249\" height=\"110\" srcset=\"https:\/\/laffiche.artecom.studio\/wp-content\/uploads\/2022\/03\/logo-papaye-rvb1-1.png 275w, https:\/\/laffiche.artecom.studio\/wp-content\/uploads\/2022\/03\/logo-papaye-rvb1-1-24x11.png 24w, https:\/\/laffiche.artecom.studio\/wp-content\/uploads\/2022\/03\/logo-papaye-rvb1-1-36x16.png 36w, https:\/\/laffiche.artecom.studio\/wp-content\/uploads\/2022\/03\/logo-papaye-rvb1-1-48x21.png 48w\" sizes=\"auto, (max-width: 249px) 100vw, 249px\" \/><\/a><\/figure><\/div>\n\n\n\n<div class=\"wp-block-image\"><figure class=\"alignleft size-full is-resized\"><a href=\"http:\/\/artecom.univ-tlse2.fr\/\"><img loading=\"lazy\" decoding=\"async\" src=\"https:\/\/laffiche.artecom.studio\/wp-content\/uploads\/2022\/03\/cropped-logo-artetcom-PNG-2.png\" alt=\"\" class=\"wp-image-184\" width=\"110\" height=\"110\" srcset=\"https:\/\/laffiche.artecom.studio\/wp-content\/uploads\/2022\/03\/cropped-logo-artetcom-PNG-2.png 512w, https:\/\/laffiche.artecom.studio\/wp-content\/uploads\/2022\/03\/cropped-logo-artetcom-PNG-2-300x300.png 300w, https:\/\/laffiche.artecom.studio\/wp-content\/uploads\/2022\/03\/cropped-logo-artetcom-PNG-2-150x150.png 150w, https:\/\/laffiche.artecom.studio\/wp-content\/uploads\/2022\/03\/cropped-logo-artetcom-PNG-2-50x50.png 50w, https:\/\/laffiche.artecom.studio\/wp-content\/uploads\/2022\/03\/cropped-logo-artetcom-PNG-2-24x24.png 24w, https:\/\/laffiche.artecom.studio\/wp-content\/uploads\/2022\/03\/cropped-logo-artetcom-PNG-2-36x36.png 36w, https:\/\/laffiche.artecom.studio\/wp-content\/uploads\/2022\/03\/cropped-logo-artetcom-PNG-2-48x48.png 48w\" sizes=\"auto, (max-width: 110px) 100vw, 110px\" \/><\/a><\/figure><\/div>\n\n\n\n<figure class=\"wp-block-image size-large is-resized\"><a href=\"https:\/\/www.univ-tlse2.fr\/\"><img loading=\"lazy\" decoding=\"async\" src=\"https:\/\/laffiche.artecom.studio\/wp-content\/uploads\/2022\/03\/Logo_de_luniversite_Toulouse_-_Jean_Jaures-2-1024x244.png\" alt=\"\" class=\"wp-image-182\" width=\"463\" height=\"110\" srcset=\"https:\/\/laffiche.artecom.studio\/wp-content\/uploads\/2022\/03\/Logo_de_luniversite_Toulouse_-_Jean_Jaures-2-1024x244.png 1024w, https:\/\/laffiche.artecom.studio\/wp-content\/uploads\/2022\/03\/Logo_de_luniversite_Toulouse_-_Jean_Jaures-2-300x72.png 300w, https:\/\/laffiche.artecom.studio\/wp-content\/uploads\/2022\/03\/Logo_de_luniversite_Toulouse_-_Jean_Jaures-2-768x183.png 768w, https:\/\/laffiche.artecom.studio\/wp-content\/uploads\/2022\/03\/Logo_de_luniversite_Toulouse_-_Jean_Jaures-2-24x6.png 24w, https:\/\/laffiche.artecom.studio\/wp-content\/uploads\/2022\/03\/Logo_de_luniversite_Toulouse_-_Jean_Jaures-2-36x9.png 36w, https:\/\/laffiche.artecom.studio\/wp-content\/uploads\/2022\/03\/Logo_de_luniversite_Toulouse_-_Jean_Jaures-2-48x11.png 48w, https:\/\/laffiche.artecom.studio\/wp-content\/uploads\/2022\/03\/Logo_de_luniversite_Toulouse_-_Jean_Jaures-2.png 1040w\" sizes=\"auto, (max-width: 463px) 100vw, 463px\" \/><\/a><\/figure>\n\n\n\n<figure class=\"wp-block-image size-full is-resized\"><img loading=\"lazy\" decoding=\"async\" src=\"https:\/\/laffiche.artecom.studio\/wp-content\/uploads\/2022\/03\/276964535_1024784001795800_3856001256098561921_n.png\" alt=\"\" class=\"wp-image-370\" width=\"492\" height=\"123\" srcset=\"https:\/\/laffiche.artecom.studio\/wp-content\/uploads\/2022\/03\/276964535_1024784001795800_3856001256098561921_n.png 1003w, https:\/\/laffiche.artecom.studio\/wp-content\/uploads\/2022\/03\/276964535_1024784001795800_3856001256098561921_n-300x75.png 300w, https:\/\/laffiche.artecom.studio\/wp-content\/uploads\/2022\/03\/276964535_1024784001795800_3856001256098561921_n-768x192.png 768w, https:\/\/laffiche.artecom.studio\/wp-content\/uploads\/2022\/03\/276964535_1024784001795800_3856001256098561921_n-24x6.png 24w, https:\/\/laffiche.artecom.studio\/wp-content\/uploads\/2022\/03\/276964535_1024784001795800_3856001256098561921_n-36x9.png 36w, https:\/\/laffiche.artecom.studio\/wp-content\/uploads\/2022\/03\/276964535_1024784001795800_3856001256098561921_n-48x12.png 48w\" sizes=\"auto, (max-width: 492px) 100vw, 492px\" \/><\/figure>\n\n\n\n<p>Les \u00e9l\u00e8ves du Master 1 CAM de l\u2019universit\u00e9 Toulouse Jean Jaur\u00e8s adressent leurs plus sinc\u00e8res remerciements \u00e0 : <\/p>\n\n\n\n<p>ainsi qu\u2019\u00e0 tous les autres contributeurs anonymes ayant particip\u00e9 \u00e0 notre cagnotte, de nous avoir permis de r\u00e9aliser cet \u00e9v\u00e9nement.<\/p>\n\n\n\n<h2 class=\"has-text-align-left wp-block-heading\">Documents officiels<\/h2>\n\n\n\n<div class=\"wp-block-file\"><a id=\"wp-block-file--media-9e415c93-3c5e-413b-ad05-cd8f2f0eed33\" href=\"https:\/\/laffiche.artecom.studio\/wp-content\/uploads\/2022\/03\/Communique-de-presse-l-Affiche.pdf\">Communique-de-presse-l-Affiche<\/a><a href=\"https:\/\/laffiche.artecom.studio\/wp-content\/uploads\/2022\/03\/Communique-de-presse-l-Affiche.pdf\" class=\"wp-block-file__button\" download aria-describedby=\"wp-block-file--media-9e415c93-3c5e-413b-ad05-cd8f2f0eed33\">T\u00e9l\u00e9charger<\/a><\/div>\n\n\n\n<div class=\"wp-block-file\"><a id=\"wp-block-file--media-a91e7348-024f-4902-ba8d-a367cce2c451\" href=\"https:\/\/laffiche.artecom.studio\/wp-content\/uploads\/2022\/03\/SAVE-THE-DATE_LAFFICHE.pdf\">SAVE-THE-DATE_LAFFICHE<\/a><a href=\"https:\/\/laffiche.artecom.studio\/wp-content\/uploads\/2022\/03\/SAVE-THE-DATE_LAFFICHE.pdf\" class=\"wp-block-file__button\" download aria-describedby=\"wp-block-file--media-a91e7348-024f-4902-ba8d-a367cce2c451\">T\u00e9l\u00e9charger<\/a><\/div>\n","protected":false},"excerpt":{"rendered":"<p>Plan d&rsquo;acc\u00e8s M\u00e9tro : (dernier d\u00e9part \u00e0 3h)Ligne B Station Jeanne-d&rsquo;ArcLigne A Station Capitole Bus :L1, L9, 15, 23, 29, 39, 45, 70 Bus de nuit :39 Tarifs Soir\u00e9e enti\u00e8re<span class=\"more-button\"><a href=\"https:\/\/laffiche.artecom.studio\/?page_id=19\" class=\"more-link\">Lire la suite<span class=\"screen-reader-text\">Infos pratiques<\/span><\/a><\/span><\/p>\n","protected":false},"author":1,"featured_media":0,"parent":0,"menu_order":0,"comment_status":"closed","ping_status":"closed","template":"templates\/no-sidebar.php","meta":{"footnotes":""},"class_list":["post-19","page","type-page","status-publish","hentry"],"_links":{"self":[{"href":"https:\/\/laffiche.artecom.studio\/index.php?rest_route=\/wp\/v2\/pages\/19","targetHints":{"allow":["GET"]}}],"collection":[{"href":"https:\/\/laffiche.artecom.studio\/index.php?rest_route=\/wp\/v2\/pages"}],"about":[{"href":"https:\/\/laffiche.artecom.studio\/index.php?rest_route=\/wp\/v2\/types\/page"}],"author":[{"embeddable":true,"href":"https:\/\/laffiche.artecom.studio\/index.php?rest_route=\/wp\/v2\/users\/1"}],"replies":[{"embeddable":true,"href":"https:\/\/laffiche.artecom.studio\/index.php?rest_route=%2Fwp%2Fv2%2Fcomments&post=19"}],"version-history":[{"count":30,"href":"https:\/\/laffiche.artecom.studio\/index.php?rest_route=\/wp\/v2\/pages\/19\/revisions"}],"predecessor-version":[{"id":410,"href":"https:\/\/laffiche.artecom.studio\/index.php?rest_route=\/wp\/v2\/pages\/19\/revisions\/410"}],"wp:attachment":[{"href":"https:\/\/laffiche.artecom.studio\/index.php?rest_route=%2Fwp%2Fv2%2Fmedia&parent=19"}],"curies":[{"name":"wp","href":"https:\/\/api.w.org\/{rel}","templated":true}]}}