{"id":9,"date":"2022-03-18T10:17:57","date_gmt":"2022-03-18T10:17:57","guid":{"rendered":"https:\/\/laffiche.artecom.studio\/?page_id=9"},"modified":"2022-03-25T15:27:27","modified_gmt":"2022-03-25T15:27:27","slug":"programme","status":"publish","type":"page","link":"https:\/\/laffiche.artecom.studio\/?page_id=9","title":{"rendered":"Programme"},"content":{"rendered":"\n<div class=\"wp-block-cover alignfull is-light has-custom-content-position is-position-bottom-left\"><span aria-hidden=\"true\" class=\"has-background-dim-0 wp-block-cover__gradient-background has-background-dim\"><\/span><img loading=\"lazy\" decoding=\"async\" width=\"1500\" height=\"600\" class=\"wp-block-cover__image-background wp-image-36\" alt=\"\" src=\"https:\/\/laffiche.artecom.studio\/wp-content\/uploads\/2022\/03\/baniere-affiche.png\" style=\"object-position:0% 64%\" data-object-fit=\"cover\" data-object-position=\"0% 64%\" srcset=\"https:\/\/laffiche.artecom.studio\/wp-content\/uploads\/2022\/03\/baniere-affiche.png 1500w, https:\/\/laffiche.artecom.studio\/wp-content\/uploads\/2022\/03\/baniere-affiche-300x120.png 300w, https:\/\/laffiche.artecom.studio\/wp-content\/uploads\/2022\/03\/baniere-affiche-1024x410.png 1024w, https:\/\/laffiche.artecom.studio\/wp-content\/uploads\/2022\/03\/baniere-affiche-768x307.png 768w\" sizes=\"auto, (max-width: 1500px) 100vw, 1500px\" \/><div class=\"wp-block-cover__inner-container is-layout-flow wp-block-cover-is-layout-flow\">\n<p class=\"has-text-align-center has-large-font-size\"><\/p>\n<\/div><\/div>\n\n\n\n<p class=\"has-blue-color has-text-color\"><\/p>\n\n\n\n<div class=\"wp-block-media-text is-stacked-on-mobile\" style=\"grid-template-columns:15% auto\"><figure class=\"wp-block-media-text__media\"><img loading=\"lazy\" decoding=\"async\" width=\"500\" height=\"500\" src=\"https:\/\/laffiche.artecom.studio\/wp-content\/uploads\/2022\/03\/18h-3-1.png\" alt=\"\" class=\"wp-image-135 size-full\" srcset=\"https:\/\/laffiche.artecom.studio\/wp-content\/uploads\/2022\/03\/18h-3-1.png 500w, https:\/\/laffiche.artecom.studio\/wp-content\/uploads\/2022\/03\/18h-3-1-300x300.png 300w, https:\/\/laffiche.artecom.studio\/wp-content\/uploads\/2022\/03\/18h-3-1-150x150.png 150w, https:\/\/laffiche.artecom.studio\/wp-content\/uploads\/2022\/03\/18h-3-1-50x50.png 50w, https:\/\/laffiche.artecom.studio\/wp-content\/uploads\/2022\/03\/18h-3-1-24x24.png 24w, https:\/\/laffiche.artecom.studio\/wp-content\/uploads\/2022\/03\/18h-3-1-36x36.png 36w, https:\/\/laffiche.artecom.studio\/wp-content\/uploads\/2022\/03\/18h-3-1-48x48.png 48w\" sizes=\"auto, (max-width: 500px) 100vw, 500px\" \/><\/figure><div class=\"wp-block-media-text__content\">\n<p class=\"has-text-align-right has-normal-font-size\">Projection de <a href=\"https:\/\/laffiche.artecom.studio\/?page_id=11\">PAPICHA<\/a> (Mounia Meddour, 2019)<br><em>pr\u00e9c\u00e9d\u00e9e de la pr\u00e9sentation de l&rsquo;\u00e9v\u00e8nement et suivie d&rsquo;une discussion<\/em><\/p>\n<\/div><\/div>\n\n\n\n<div class=\"wp-block-media-text has-media-on-the-right is-stacked-on-mobile\" style=\"grid-template-columns:auto 15%\"><figure class=\"wp-block-media-text__media\"><img loading=\"lazy\" decoding=\"async\" width=\"500\" height=\"500\" src=\"https:\/\/laffiche.artecom.studio\/wp-content\/uploads\/2022\/03\/18h-4.png\" alt=\"\" class=\"wp-image-133 size-full\" srcset=\"https:\/\/laffiche.artecom.studio\/wp-content\/uploads\/2022\/03\/18h-4.png 500w, https:\/\/laffiche.artecom.studio\/wp-content\/uploads\/2022\/03\/18h-4-300x300.png 300w, https:\/\/laffiche.artecom.studio\/wp-content\/uploads\/2022\/03\/18h-4-150x150.png 150w, https:\/\/laffiche.artecom.studio\/wp-content\/uploads\/2022\/03\/18h-4-50x50.png 50w, https:\/\/laffiche.artecom.studio\/wp-content\/uploads\/2022\/03\/18h-4-24x24.png 24w, https:\/\/laffiche.artecom.studio\/wp-content\/uploads\/2022\/03\/18h-4-36x36.png 36w, https:\/\/laffiche.artecom.studio\/wp-content\/uploads\/2022\/03\/18h-4-48x48.png 48w\" sizes=\"auto, (max-width: 500px) 100vw, 500px\" \/><\/figure><div class=\"wp-block-media-text__content\">\n<p class=\"has-normal-font-size\">Concours de <a href=\"https:\/\/laffiche.artecom.studio\/?page_id=13\">courts-m\u00e9trages<\/a><br><em>Projection de courts-m\u00e9trages d&rsquo;\u00e9tudiants de l&rsquo;ENSAV et de l&rsquo;ISCID <\/em><\/p>\n<\/div><\/div>\n\n\n\n<div class=\"wp-block-media-text is-stacked-on-mobile\" style=\"grid-template-columns:15% auto\"><figure class=\"wp-block-media-text__media\"><img loading=\"lazy\" decoding=\"async\" width=\"500\" height=\"500\" src=\"https:\/\/laffiche.artecom.studio\/wp-content\/uploads\/2022\/03\/18h-5.png\" alt=\"\" class=\"wp-image-136 size-full\" srcset=\"https:\/\/laffiche.artecom.studio\/wp-content\/uploads\/2022\/03\/18h-5.png 500w, https:\/\/laffiche.artecom.studio\/wp-content\/uploads\/2022\/03\/18h-5-300x300.png 300w, https:\/\/laffiche.artecom.studio\/wp-content\/uploads\/2022\/03\/18h-5-150x150.png 150w, https:\/\/laffiche.artecom.studio\/wp-content\/uploads\/2022\/03\/18h-5-50x50.png 50w, https:\/\/laffiche.artecom.studio\/wp-content\/uploads\/2022\/03\/18h-5-24x24.png 24w, https:\/\/laffiche.artecom.studio\/wp-content\/uploads\/2022\/03\/18h-5-36x36.png 36w, https:\/\/laffiche.artecom.studio\/wp-content\/uploads\/2022\/03\/18h-5-48x48.png 48w\" sizes=\"auto, (max-width: 500px) 100vw, 500px\" \/><\/figure><div class=\"wp-block-media-text__content\">\n<p class=\"has-text-align-right has-normal-font-size\">Blind test sp\u00e9cial musique de films<br><em>de nombreux lots \u00e0 gagner<\/em><\/p>\n<\/div><\/div>\n\n\n\n<div class=\"wp-block-media-text has-media-on-the-right is-stacked-on-mobile\" style=\"grid-template-columns:auto 15%\"><figure class=\"wp-block-media-text__media\"><img loading=\"lazy\" decoding=\"async\" width=\"500\" height=\"500\" src=\"https:\/\/laffiche.artecom.studio\/wp-content\/uploads\/2022\/03\/18h-6.png\" alt=\"\" class=\"wp-image-137 size-full\" srcset=\"https:\/\/laffiche.artecom.studio\/wp-content\/uploads\/2022\/03\/18h-6.png 500w, https:\/\/laffiche.artecom.studio\/wp-content\/uploads\/2022\/03\/18h-6-300x300.png 300w, https:\/\/laffiche.artecom.studio\/wp-content\/uploads\/2022\/03\/18h-6-150x150.png 150w, https:\/\/laffiche.artecom.studio\/wp-content\/uploads\/2022\/03\/18h-6-50x50.png 50w, https:\/\/laffiche.artecom.studio\/wp-content\/uploads\/2022\/03\/18h-6-24x24.png 24w, https:\/\/laffiche.artecom.studio\/wp-content\/uploads\/2022\/03\/18h-6-36x36.png 36w, https:\/\/laffiche.artecom.studio\/wp-content\/uploads\/2022\/03\/18h-6-48x48.png 48w\" sizes=\"auto, (max-width: 500px) 100vw, 500px\" \/><\/figure><div class=\"wp-block-media-text__content\">\n<p class=\"has-text-align-left has-normal-font-size\">Projection de <a href=\"https:\/\/laffiche.artecom.studio\/?page_id=11\">BLISS<\/a> (Drew Barrymore, 2009)<\/p>\n<\/div><\/div>\n\n\n\n<div class=\"wp-block-media-text is-stacked-on-mobile\" style=\"grid-template-columns:15% auto\"><figure class=\"wp-block-media-text__media\"><img loading=\"lazy\" decoding=\"async\" width=\"500\" height=\"500\" src=\"https:\/\/laffiche.artecom.studio\/wp-content\/uploads\/2022\/03\/18h-7.png\" alt=\"\" class=\"wp-image-138 size-full\" srcset=\"https:\/\/laffiche.artecom.studio\/wp-content\/uploads\/2022\/03\/18h-7.png 500w, https:\/\/laffiche.artecom.studio\/wp-content\/uploads\/2022\/03\/18h-7-300x300.png 300w, https:\/\/laffiche.artecom.studio\/wp-content\/uploads\/2022\/03\/18h-7-150x150.png 150w, https:\/\/laffiche.artecom.studio\/wp-content\/uploads\/2022\/03\/18h-7-50x50.png 50w, https:\/\/laffiche.artecom.studio\/wp-content\/uploads\/2022\/03\/18h-7-24x24.png 24w, https:\/\/laffiche.artecom.studio\/wp-content\/uploads\/2022\/03\/18h-7-36x36.png 36w, https:\/\/laffiche.artecom.studio\/wp-content\/uploads\/2022\/03\/18h-7-48x48.png 48w\" sizes=\"auto, (max-width: 500px) 100vw, 500px\" \/><\/figure><div class=\"wp-block-media-text__content\">\n<p class=\"has-text-align-right has-normal-font-size\">Remise des prix du concours de courts-m\u00e9trages<br><em>prix du jury et prix du public<\/em><\/p>\n<\/div><\/div>\n\n\n\n<p class=\"has-blue-color has-text-color\">La soir\u00e9e sera rythm\u00e9e de diff\u00e9rentes <a href=\"https:\/\/laffiche.artecom.studio\/?page_id=15\">animations<\/a> (exposition \u00ab\u00a0les affiches de L&rsquo;AFFICHE\u00a0\u00bb, Photo Booth, Buffet, Blind Test). <\/p>\n\n\n\n<p class=\"has-text-align-left has-blue-color has-text-color\">Il est possible de venir pour l&rsquo;enti\u00e8ret\u00e9 de la soir\u00e9e ou de choisir une s\u00e9ance en particulier: <em>Papicha<\/em> ou <em>Bliss<\/em> (le billet comprenant le concours de courts-m\u00e9trages.) <a href=\"https:\/\/laffiche.artecom.studio\/?page_id=19\">tarifs ici<\/a><\/p>\n\n\n\n<p class=\"has-blue-color has-text-color\">La fin de l&rsquo;\u00e9v\u00e8nement est pr\u00e9vue \u00e0 2h du matin. <\/p>\n","protected":false},"excerpt":{"rendered":"<p>Projection de PAPICHA (Mounia Meddour, 2019)pr\u00e9c\u00e9d\u00e9e de la pr\u00e9sentation de l&rsquo;\u00e9v\u00e8nement et suivie d&rsquo;une discussion Concours de courts-m\u00e9tragesProjection de courts-m\u00e9trages d&rsquo;\u00e9tudiants de l&rsquo;ENSAV et de l&rsquo;ISCID Blind test sp\u00e9cial musique<span class=\"more-button\"><a href=\"https:\/\/laffiche.artecom.studio\/?page_id=9\" class=\"more-link\">Lire la suite<span class=\"screen-reader-text\">Programme<\/span><\/a><\/span><\/p>\n","protected":false},"author":4,"featured_media":0,"parent":0,"menu_order":0,"comment_status":"closed","ping_status":"closed","template":"templates\/no-sidebar.php","meta":{"footnotes":""},"class_list":["post-9","page","type-page","status-publish","hentry"],"_links":{"self":[{"href":"https:\/\/laffiche.artecom.studio\/index.php?rest_route=\/wp\/v2\/pages\/9","targetHints":{"allow":["GET"]}}],"collection":[{"href":"https:\/\/laffiche.artecom.studio\/index.php?rest_route=\/wp\/v2\/pages"}],"about":[{"href":"https:\/\/laffiche.artecom.studio\/index.php?rest_route=\/wp\/v2\/types\/page"}],"author":[{"embeddable":true,"href":"https:\/\/laffiche.artecom.studio\/index.php?rest_route=\/wp\/v2\/users\/4"}],"replies":[{"embeddable":true,"href":"https:\/\/laffiche.artecom.studio\/index.php?rest_route=%2Fwp%2Fv2%2Fcomments&post=9"}],"version-history":[{"count":15,"href":"https:\/\/laffiche.artecom.studio\/index.php?rest_route=\/wp\/v2\/pages\/9\/revisions"}],"predecessor-version":[{"id":383,"href":"https:\/\/laffiche.artecom.studio\/index.php?rest_route=\/wp\/v2\/pages\/9\/revisions\/383"}],"wp:attachment":[{"href":"https:\/\/laffiche.artecom.studio\/index.php?rest_route=%2Fwp%2Fv2%2Fmedia&parent=9"}],"curies":[{"name":"wp","href":"https:\/\/api.w.org\/{rel}","templated":true}]}}